{"id":112,"date":"2024-09-17T10:34:00","date_gmt":"2024-09-17T08:34:00","guid":{"rendered":"https:\/\/www.fetamavins.cat\/cistella\/"},"modified":"2025-03-05T16:28:33","modified_gmt":"2025-03-05T15:28:33","slug":"cistella","status":"publish","type":"page","link":"https:\/\/www.fetamavins.cat\/es\/cistella\/","title":{"rendered":"Carrito"},"content":{"rendered":"<div data-elementor-type=\"wp-page\" data-elementor-id=\"112\" class=\"elementor elementor-112\" data-elementor-post-type=\"page\">\n\t\t\t\t<div class=\"elementor-element elementor-element-6b0fa2c e-con-full e-flex e-con e-parent\" data-id=\"6b0fa2c\" data-element_type=\"container\" data-e-type=\"container\" data-settings=\"{&quot;background_background&quot;:&quot;classic&quot;}\">\n\t\t\t\t<\/div>\n\t\t<div class=\"elementor-element elementor-element-71d068f e-flex e-con-boxed e-con e-parent\" data-id=\"71d068f\" data-element_type=\"container\" data-e-type=\"container\">\n\t\t\t\t\t<div class=\"e-con-inner\">\n\t\t\t\t<div class=\"elementor-element elementor-element-88b6eb4 elementor-widget elementor-widget-heading\" data-id=\"88b6eb4\" data-element_type=\"widget\" data-e-type=\"widget\" data-widget_type=\"heading.default\">\n\t\t\t\t<div class=\"elementor-widget-container\">\n\t\t\t\t\t<h2 class=\"elementor-heading-title elementor-size-default\">Enviaments a domicili a tota la pen\u00ednsula en caixes de 6 ampolles iguals o combinades. <\/h2>\t\t\t\t<\/div>\n\t\t\t\t<\/div>\n\t\t\t\t\t<\/div>\n\t\t\t\t<\/div>\n\t\t<div class=\"elementor-element elementor-element-472ca431 e-flex e-con-boxed e-con e-parent\" data-id=\"472ca431\" data-element_type=\"container\" data-e-type=\"container\">\n\t\t\t\t\t<div class=\"e-con-inner\">\n\t\t\t\t<div class=\"elementor-element elementor-element-8408754 elementor-widget elementor-widget-heading\" data-id=\"8408754\" data-element_type=\"widget\" data-e-type=\"widget\" data-widget_type=\"heading.default\">\n\t\t\t\t<div class=\"elementor-widget-container\">\n\t\t\t\t\t<h2 class=\"elementor-heading-title elementor-size-default\">La teva cistella<\/h2>\t\t\t\t<\/div>\n\t\t\t\t<\/div>\n\t\t\t\t\t<\/div>\n\t\t\t\t<\/div>\n\t\t\t\t<\/div>","protected":false},"excerpt":{"rendered":"<p>Enviaments a domicili a tota la pen\u00ednsula en caixes de 6 ampolles iguals o combinades. La teva cistella Tu carrito est\u00e1 vac\u00edo. Volver a la tienda<\/p>","protected":false},"author":1,"featured_media":0,"parent":0,"menu_order":0,"comment_status":"closed","ping_status":"closed","template":"","meta":{"footnotes":""},"class_list":["post-112","page","type-page","status-publish","hentry"],"_links":{"self":[{"href":"https:\/\/www.fetamavins.cat\/es\/wp-json\/wp\/v2\/pages\/112","targetHints":{"allow":["GET"]}}],"collection":[{"href":"https:\/\/www.fetamavins.cat\/es\/wp-json\/wp\/v2\/pages"}],"about":[{"href":"https:\/\/www.fetamavins.cat\/es\/wp-json\/wp\/v2\/types\/page"}],"author":[{"embeddable":true,"href":"https:\/\/www.fetamavins.cat\/es\/wp-json\/wp\/v2\/users\/1"}],"replies":[{"embeddable":true,"href":"https:\/\/www.fetamavins.cat\/es\/wp-json\/wp\/v2\/comments?post=112"}],"version-history":[{"count":22,"href":"https:\/\/www.fetamavins.cat\/es\/wp-json\/wp\/v2\/pages\/112\/revisions"}],"predecessor-version":[{"id":1148,"href":"https:\/\/www.fetamavins.cat\/es\/wp-json\/wp\/v2\/pages\/112\/revisions\/1148"}],"wp:attachment":[{"href":"https:\/\/www.fetamavins.cat\/es\/wp-json\/wp\/v2\/media?parent=112"}],"curies":[{"name":"wp","href":"https:\/\/api.w.org\/{rel}","templated":true}]}}