{"id":162,"date":"2024-09-17T10:38:10","date_gmt":"2024-09-17T08:38:10","guid":{"rendered":"https:\/\/www.fetamavins.cat\/?page_id=162"},"modified":"2025-03-05T16:25:54","modified_gmt":"2025-03-05T15:25:54","slug":"condicions-de-compra","status":"publish","type":"page","link":"https:\/\/www.fetamavins.cat\/es\/condicions-de-compra\/","title":{"rendered":"Condiciones de compra"},"content":{"rendered":"<div data-elementor-type=\"wp-page\" data-elementor-id=\"162\" class=\"elementor elementor-162\" data-elementor-post-type=\"page\">\n\t\t\t\t<div class=\"elementor-element elementor-element-f25307c e-flex e-con-boxed e-con e-parent\" data-id=\"f25307c\" data-element_type=\"container\" data-e-type=\"container\" data-settings=\"{&quot;background_background&quot;:&quot;classic&quot;}\">\n\t\t\t\t\t<div class=\"e-con-inner\">\n\t\t\t\t\t<\/div>\n\t\t\t\t<\/div>\n\t\t<div class=\"elementor-element elementor-element-37087a6 e-flex e-con-boxed e-con e-parent\" data-id=\"37087a6\" data-element_type=\"container\" data-e-type=\"container\">\n\t\t\t\t\t<div class=\"e-con-inner\">\n\t\t\t\t<div class=\"elementor-element elementor-element-e67c3d5 elementor-widget elementor-widget-text-editor\" data-id=\"e67c3d5\" data-element_type=\"widget\" data-e-type=\"widget\" data-widget_type=\"text-editor.default\">\n\t\t\t\t<div class=\"elementor-widget-container\">\n\t\t\t\t\t\t\t\t\t<p><strong>CONDICIONS DE COMPRA<\/strong><\/p><p>La titularitat d\u2019aquest portal web www.fetamavins.cat (en endavant, el portal web), \u00e9s propietat de Marta Arenas Sol\u00e9s, (d&#8217;ara endavant, el titular), amb NIF 40529861C i domicili c, Raval de dalt, 10, 17253 Vall-llobrega (Girona).<\/p><p>Aquest document (aix\u00ed com qualsevol altre document al que aqu\u00ed es faci menci\u00f3) regula les condicions per les que regeix el present portal web i la compra de productes o serveis mitjan\u00e7ant el mateix (en endavant, les Condicions).<\/p><p>Independentment de llegir les presents Condicions, anteriorment a accedir, navegar i\/o utilitzar el portal web, l&#8217;Usuari (referit indistintament com a client), es compromet a la lectura de l&#8217;Avis legal, la Pol\u00edtica de Privacitat i de Cookies, aix\u00ed com les presents Condicions. A l\u2019utilitzar el present portal web o al comprar un producte o activitat oferts en el mateix, l\u2019Usuari queda vinculat per les presents condicions aix\u00ed com els textos referits anteriorment.<\/p><p>L\u2019adquisici\u00f3 de qualsevol dels productes comporta l\u2019acceptaci\u00f3 plena i sense reserves de totes i cadascuna de les Condicions que s\u2019hi indiquen, sense perjudici de l\u2019acceptaci\u00f3 de les Condicions particulars que puguin ser aplicables en adquirir determinats productes.<\/p><p>Aquestes Condicions podran ser modificades sense notificaci\u00f3 pr\u00e8via, per tant, \u00e9s recomanable llegir-ne atentament el contingut abans de procedir a l\u2019adquisici\u00f3 de qualsevol dels productes oferts.<\/p><p>L\u2019USUARI i COMUNICACIONS: L\u2019acc\u00e9s, la navegaci\u00f3 i la utilitzaci\u00f3 del portal web, atorga la condici\u00f3 d\u2019Usuari, de manera que aquest accepta aquesta condici\u00f3 a partir del moment que inicia qualsevol dels actes esmentats. L\u2019Usuari declara ser major de 18 anys i tenir capacitat legal suficient per a realitzar contractes mitjan\u00e7ant aquest portal web.\u00a0<\/p><div>Per comunicar-se amb nosaltres, posem a la vostra disposici\u00f3 diferents mitjans de contacte que detallem a continuaci\u00f3:<\/div><ul><li aria-level=\"1\">Tfn: 647443873<\/li><li aria-level=\"1\">Email: info@fetamavins.cat<\/li><li aria-level=\"1\">Adre\u00e7a postal: c. Raval de dalt, 10 Vall-llobrega 17253 &#8211; Girona<\/li><li aria-level=\"1\">XXSS: @fetama_vins i @martawine<\/li><\/ul><p>Totes les notificacions i comunicacions entre l&#8217;Usiari\u00a0 i el Titular es consideraran eficaces, amb car\u00e0cter general, quan es realitzin a trav\u00e9s de qualsevol mitj\u00e0 dels detallats anteriorment.<\/p><p>PRODUCTES:\u00a0Els productes oferts, juntament amb les caracter\u00edstiques principals dels mateixos i el seu preu apareixen a la pantalla de venda.<\/p><p>El Titular es reserva el dret de decidir, a cada moment, els productes que s\u2019ofereixen al Client. D\u2019aquesta manera, el Titular podr\u00e0, en qualsevol moment, afegir o modificar els productes oferts. Aix\u00ed mateix, el titular es reserva el dret a retirar o deixar d\u2019oferir, en qualsevol moment i sense av\u00eds previ, qualsevol dels productes.<\/p><p>Un cop dins del web www.fetamavins.cat i per accedir a la contractaci\u00f3 dels diferents productes, l\u2019Usuari haur\u00e0 de seguir totes les instruccions indicades al proc\u00e9s de compra, la qual cosa suposar\u00e0 la lectura i acceptaci\u00f3 de totes les condicions generals i particulars fixades al web\u00a0 www.fetamavins.cat<\/p><p>El Titular pret\u00e9n garantir la disponibilitat de tots els productes que estan publicitats a trav\u00e9s del web www.fetamavins.cat. No obstant aix\u00f2, en el cas que qualsevol producte sol\u00b7licitat no estigu\u00e9s disponible o s&#8217;hagu\u00e9s esgotat sense pr\u00e8via actualitzaci\u00f3 del web, s&#8217;informar\u00e0 al client a la compte de correu del Client el m\u00e9s aviat possible.<\/p><p>PROC\u00c9S DE COMPRA \/ CONTRACTACI\u00d3: L\u2019Usuari pot comprar en el portal web mitjan\u00e7ant els mitjans i les formes establertes. A tal efecte, haur\u00e0 de seguir el proc\u00e9s de compra establert mitjan\u00e7ant el qual podr\u00e0 afegir a la cistella quants productes consideri. L\u2019Usuari haur\u00e0 de completar i comprovar la informaci\u00f3 que en cada pas se li demani a efectes de processar la seva compra. Posteriorment l\u2019Usuari rebr\u00e0 un correu electr\u00f2nic informant que s\u2019ha rebut correctament el seu enc\u00e0rrec o sol\u00b7licitud de compra, entenents el mateix com a confirmaci\u00f3 de la compra realitzada. L\u2019Usuari reconeix en el moment de la compra ser coneixedor i accepta les condicions particulars del producte o servei en q\u00fcesti\u00f3 indicades de forma indicativa.\u00a0<\/p><p>Aix\u00ed mateix, \u00e9s recomanable que el client imprimeixi i\/o guardi una c\u00f2pia en suport durador de les condicions de venda en realitzar la seva comanda, aix\u00ed com tamb\u00e9 del comprovant de recepci\u00f3 enviat pel Titular per correu electr\u00f2nic.<\/p><p>FACTURACI\u00d3: Juntament amb la comanda, rebr\u00e0 la corresponent factura. A aquest efecte, el client accepta que aquesta factura se li remeti en format electr\u00f2nic. El client la rebr\u00e0 al compte de correu electr\u00f2nic que va fer servir en la seva compra.\u00a0<\/p><p>DISPONIBILITAT: Tots els enc\u00e0rrecs de compra rebuts per el Titular mitjan\u00e7ant el portal web es troben subjectes a disponibilitat . Si s&#8217;hagu\u00e9s esgotat un productes sense pr\u00e8via actualitzaci\u00f3 del web, el Titular es compromet a contactar l\u2019Usuari, buscar producte alternatiu o b\u00e9 reemborsar qualsevol quantitat que pogu\u00e9s haver estat abonada en concepte d\u2019import per a referit producte o activitat.<\/p><p>PREUS I FORMES DE PAGAMENT: Els preus mostrats en el portal web son els finals, en euros, inclouen els impostos corresponents (21% d&#8217;IVA) i estaran garantits durant el temps de validesa de la comanda, excepte error d\u2019impressi\u00f3 i sigui quina sigui la destinaci\u00f3 de la comanda.\u00a0 Els mitjans de pagament acceptats s\u00f3n mitjan\u00e7ant la plataforma de pagament establerta per el Titular. Aquest es compromet a no permetre cap transacci\u00f3 il\u00b7legal, o que pugui ser considerada per les marques de les targetes de cr\u00e8dit o del banc adquirent, que tingui o que pugui tenir el potenciar de crear perjudici a la bona voluntat dels mateixos o influir de manera negativa en ells. Les seg\u00fcents activitats estan prohibides en virtut dels programes de les marques de targetes: la venda o oferta d\u2019un producte que no sigui de plena conformitat amb totes les lleis aplicables al comprador, Banc emissor, Comerciant, Titular de la targeta o targetes.<\/p><p><span style=\"color: var( --e-global-color-text ); font-family: var( --e-global-typography-text-font-family ), Sans-serif; font-weight: var( --e-global-typography-text-font-weight ); font-size: 1rem;\">LLIURAMENTS:\u00a0En els casos en els que procedeix realitzar un enviament a domicili, s\u2019efectuaran en \u00e0mbit del territori peninsular, mitjan\u00e7ant caixes homologades de 6 unitats. El cost de l&#8217;enviament dependr\u00e0 de la quantitat i es regir\u00e0 segons les tarifes seg\u00fcents: Caixa 6 unitats : 21\u20ac. Per enviaments a la resta d&#8217;Europa el cost de 35\u20ac\/caixa.\u00a0<\/span><\/p><p>A efectes de les presents Condicions, es considerar\u00e0 que l \u2018entrega s\u2019ha produ\u00eft en el moment en el que l\u2019Usuari o un tercer a nom d\u2019aquest \u00faltim, es faci amb la possessi\u00f3 material del producte o productes que s\u2019acreditar\u00e0 mitjan\u00e7ant signatura en el moment de la recepci\u00f3 del mateix a la direcci\u00f3 convinguda entre les parts.<\/p><p>La comanda ser\u00e0 lliurada al domicili designat pel Client en el moment de la contractaci\u00f3 segons la modalitat escollida, mitjan\u00e7ant ag\u00e8ncia de transport, en un\u00a0termini m\u00e0xim de lliurament \u00e9s de 3 dies. comptant els dies h\u00e0bils si es tracta d&#8217;un enviament peninsular o b\u00e9 7 dies h\u00e0bils per qualsevol altre destinaci\u00f3.<\/p><p>DEVOLUCIONS: L\u2019Usuari disposa de un per\u00edode de 7 dies naturals per desistir de la compra realitzada en el portal web, a comptar a partir de l\u2019adquisici\u00f3 f\u00edsica del producte.\u00a0Per a exercitar el dret esmentat quan aquest tingui lloc, l\u2019Usuari haur\u00e0 de notificar la seva decisi\u00f3 mitjan\u00e7ant una manifestaci\u00f3 expressa i dintre del per\u00edode establert a tal efecte mitjan\u00e7ant un correu electr\u00f2nic a\u00a0<a href=\"mailto:vdo@olivardots.com\">\u00a0i<\/a>nfo@fetamavins.cat i haur\u00e0 de deostrar que el producte est\u00e0 deteriorat o no est\u00e0 en condicions. L&#8217;usuari \u00e9s coneixedor del tipus de producte que adquireix en formalitzar la seva compra. En cap cas es far\u00e0 devoluci\u00f3 d\u2019una experi\u00e8ncia si no s\u2019avisa amb al menys 48h d\u2019antelaci\u00f3 a l\u2019activitat. L\u2019Usuari \u00e9s coneixedor d\u2019aquesta circumstancia i l\u2019accepta en el moment de realitzar la compra corresponent. En el cas de tal comunicaci\u00f3 no es realitzi dintre del termini esmentat el dret a desistiment desapareix. \u00a0El reemborsament a l\u2019Usuari es far\u00e0 mitjan\u00e7ant el mateix m\u00e8tode de pagament utilitzat per aquest en el moment de la compra. No es procedir\u00e0 a realitzar cap reemborsament si un cop retornat el producte al Titular aquest no est\u00e0 en les mateixes condicions en les que va ser entregat, conservant el seu embalatge i etiquetat original. Sense perjudici del comentat anteriorment, el Usuari tindr\u00e0 dret de devoluci\u00f3 del preu dels productes defectuosos o dels productes entregats que no es corresponguin a la compra realitzada per ell. En el cas de devoluci\u00f3 de productes defectuosos o que no corresponen a la compra realitzada, el Usuari haur\u00e0 de sol\u00b7licitar-ho mitjan\u00e7ant el procediment anteriorment establert, i no hi haur\u00e0 costos de devoluci\u00f3.\u00a0<\/p><p>EXHONERACI\u00d3 DE RESPONSABILITAT:\u00a0El titular no acceptar\u00e0 cap responsabilitat per (i) p\u00e8rdues no atribu\u00efbles a cap incompliment per part seva; (ii) p\u00e8rdues empresarials: (iii) errors t\u00e8cnics per raons fortu\u00eftes o de qualsevol altre caracter\u00edstica que impedeixin el correcte funcionament del portal web; (iv) impossibilitat d\u2019utilitzar el portal web per raons de manteniment, que impedeixin accedir al mateix; (v) cap incompliment o retr\u00e0s en el compliment d\u2019alguna de les obligacions assumides quan es produeixi com a conseq\u00fc\u00e8ncies que es trobin fora del seu control raonable, \u00e9s a dir, que es justifiquin en causa major.<\/p><p>ATENCI\u00d3 AL CLIENT i RECLAMACIONS:\u00a0Per interposar qualsevol queixa o reclamaci\u00f3 davant del Titular, el Client haur\u00e0 d\u2019adre\u00e7ar-si per correu electr\u00f2nic a info@fetamavins.cat<\/p><p>Segons la Resoluci\u00f3 de litigis en l\u00ednia en mat\u00e8ria de consum de la UE i conforme a l\u2019Art. 14.1 del Reglament (UE) 524\/2013, la Comissi\u00f3 Europea facilita a tots els consumidors una plataforma de resoluci\u00f3 de litigis en l\u00ednia que es troba disponible al seg\u00fcent enlla\u00e7:\u00a0<a href=\"http:\/\/ec.europa.eu\/consumers\/odr\/\" target=\"_blank\" rel=\"noopener\">http:\/\/ec.europa.eu\/consumers\/odr\/.<\/a><\/p><p>LEGISLACI\u00d3 APLICABLE:\u00a0La relaci\u00f3 entre el Titular i l&#8217;Usuari es regir\u00e0 per la normativa espanyola vigent i qualsevol controv\u00e8rsia ser\u00e0 sotmesa expressament al Jutjats i Tribunals corresponents.<\/p><p><strong>POLITICA DE PRIVACITAT<\/strong><\/p><div><div><div><div><div><p>Cada vegada que utilitza aquest lloc web estar\u00e0 sota l\u2019aplicaci\u00f3 de la\u00a0Pol\u00edtica de Privacitat\u00a0vigent en cada moment, havent de revisar aquest text per comprovar que est\u00e0 conforme amb ell.<\/p><p>Les dades personals que ens aporta seran objecte de tractament en un fitxer responsabilitat del Titular, tenen com a finalitats:<\/p><ul><li>El desenvolupament, compliment i execuci\u00f3 del contracte de compravenda dels productes que ha adquirit o de qualsevol altre contracte entre tots dos.<\/li><li>Atendre les sol\u00b7licituds que es plantegin.<\/li><li>Proporcionar informaci\u00f3 sobre els productes de FetaM\u00e0 o MartaWine, incloent, en relaci\u00f3 amb aquests productes, l\u2019enviament de comunicacions comercials per correu electr\u00f2nic o per qualsevol altre mitj\u00e0 de comunicaci\u00f3 equivalent (com whatsapp). Pots canviar les teves prefer\u00e8ncies en relaci\u00f3 a l\u2019enviament d\u2019aquestes comunicacions comercials posant-te en contacte amb nosaltres a trav\u00e9s de la p\u00e0gina \u201c<a href=\"https:\/\/rimemporda.com\/contacte?v=12470fe406d4\" target=\"_blank\" rel=\"noopener\">Contacto<\/a>\u201c i indicant &#8220;ESBORRAR&#8221; al contingut.<\/li><\/ul><p>\u00a0<\/p><p>Tot acc\u00e9s a aquest lloc web resta subjecte a les seg\u00fcents condicions: S\u2019autoritza l\u2019emmagatzematge i reproducci\u00f3 temporal d\u2019algun o alguns dels continguts de el lloc web per tal d\u2019utilitzaci\u00f3 personal i no comercial. La reproducci\u00f3, l\u2019emmagatzematge permanent i la difusi\u00f3 dels continguts del lloc web o qualsevol altre \u00fas que tingui finalitat p\u00fablica o comercial queda expressament prohibida sense que hi hagi consentiment previ per escrit del Titular.<\/p><p>No est\u00e0 permesa la modificaci\u00f3 del web ni dels seus continguts.<\/p><p>El Titular no \u00e9s responsable de la informaci\u00f3 que es pot obtenir a trav\u00e9s d\u2019enlla\u00e7os a sistemes externs.<\/p><p>Els que utilitzen aquest lloc web ho fan pel seu compte i risc. El Titular no garanteix que el web i el servidor estiguin lliures de virus i no es fa responsable dels danys causats per l\u2019acc\u00e9s al web o per la morositat d\u2019accedir.<\/p><\/div><\/div><\/div><\/div><\/div><div><div><div><div><div><p>En conseq\u00fc\u00e8ncia, el lloc web i els seus continguts s\u00f3n prove\u00efts sense garanties de cap classe, expresses o impl\u00edcites, deixant clar que ni el Titular, ni els seus col\u00b7laboradors, treballadors o representants, seran responsables per qualsevol error o omissi\u00f3 en els continguts o serveis o per qualsevol dany derivat de la utilitzaci\u00f3 d\u2019aquest lloc web, ni per qualsevol actuaci\u00f3 realitzada sobre la base de la informaci\u00f3 que en ell es facilita.<\/p><p>D\u2019acord amb la Llei Org\u00e0nica 15\/1999, de 13 de desembre de Protecci\u00f3 de Dades de Car\u00e0cter Personal i d\u2019altra legislaci\u00f3 aplicable. RIM Empord\u00e0 informa als seus usuaris i a qualsevol tercer que lliuri les seves dades de car\u00e0cter personal, que aquestes seran incloses en un fitxer automatitzat i es podran destinar a oferir informaci\u00f3 sobre activitats i serveis.<\/p><p>Qualsevol tercer que lliuri les seves dades personals a RIM Empord\u00e0 t\u00e9 dret d\u2019acc\u00e9s, rectificaci\u00f3, cancel\u00b7laci\u00f3 i oposici\u00f3 respecte a les dades. Aquests drets es podran exercitar dirigint un escrit a el domicili social del RIM Empord\u00e0 o un correu electr\u00f2nic enviat a\u00a0<a href=\"mailto:info@rimemporda.com\">info@rimemporda.com<\/a>, ja sigui directament o fent \u00fas de la secci\u00f3 \u201cContacte\u201d de la p\u00e0gina web.<\/p><p>Les dades fiscals del Titular s\u00f3n:<\/p><p>Marta Arenas Sol\u00e9s<br \/>C\/ Raval de dalt, 10<br \/>17253 Vall-llobrega (Girona)<br \/>40529861C<\/p><p>info@fetamavins.cat<\/p><p><strong>POL\u00cdTICA DE COOKIES<\/strong><\/p><div><div><div><div><div><p>Una cookie \u00e9s un petit fitxer de text que s\u2019emmagatzema en el seu navegador quan visita gaireb\u00e9 qualsevol p\u00e0gina web. La seva utilitat \u00e9s que el web sigui capa\u00e7 de recordar la seva visita quan torni a navegar per aquesta p\u00e0gina. Les cookies solen emmagatzemar informaci\u00f3 de car\u00e0cter t\u00e8cnic, prefer\u00e8ncies personals, personalitzaci\u00f3 de continguts, estad\u00edstiques d\u2019\u00fas, enlla\u00e7os a xarxes socials, acc\u00e9s a comptes d\u2019usuari, etc.<\/p><p>L\u2019objectiu de la cookie \u00e9s adaptar el contingut de la web al seu perfil i necessitats, sense cookies els serveis oferts per qualsevol p\u00e0gina es veurien minvats notablement. Si voleu consultar m\u00e9s informaci\u00f3 sobre qu\u00e8 s\u00f3n les cookies, qu\u00e8 s\u2019emmagatzemen, com eliminar-les, desactivar-les, etc., li preguem es dirigeixi a aquest enlla\u00e7.<\/p><p>Cookies utilitzades en aquest lloc web<\/p><p>Seguint les directrius de l\u2019Ag\u00e8ncia Espanyola de Protecci\u00f3 de Dades procedim a detallar l\u2019\u00fas de cookies que fa aquesta web per tal d\u2019informar-lo amb la m\u00e0xima exactitud possible.<\/p><p>Aquest lloc web utilitza les cookies seg\u00fcents pr\u00f2pies:<\/p><p>Cookies de sessi\u00f3, per garantir que els usuaris que escriguin comentaris al blog siguin humans i no aplicacions automatitzades. D\u2019aquesta manera es combat el correu brossa.<\/p><p>Aquest lloc web utilitza les seg\u00fcents cookies de tercers:<\/p><p>Google Analytics: Emmagatzema cookies per poder elaborar estad\u00edstiques sobre el tr\u00e0nsit i volum de visites d\u2019aquest web. A l\u2019utilitzar aquest lloc web est\u00e0 consentint el tractament d\u2019informaci\u00f3 sobre vost\u00e8 per Google. Per tant, l\u2019exercici de qualsevol dret en aquest sentit haur\u00e0 de fer comunicant directament amb Google. Xarxes socials: Cada xarxa social utilitza les seves pr\u00f2pies cookies per tu punxar en botons del tipus M\u2019agrada o Compartir.<\/p><\/div><\/div><\/div><\/div><\/div><div><div><div><div><div><p>Desactivaci\u00f3 o eliminaci\u00f3 de cookies<\/p><p>En qualsevol moment podr\u00e0 exercir el seu dret de desactivaci\u00f3 o eliminaci\u00f3 de cookies d\u2019aquest lloc web. Aquestes accions es realitzen de forma diferent en funci\u00f3 de el navegador que esteu utilitzant. Aqu\u00ed li deixem una guia r\u00e0pida per als navegadors m\u00e9s populars.<\/p><p>Notes addicionals<\/p><p>Ni aquest web ni els seus representants legals es fan responsables ni de contingut ni de la veracitat de les pol\u00edtiques de privacitat que puguin tenir els tercers esmentats en aquesta pol\u00edtica de cookies. Els navegadors web s\u00f3n les eines encarregades d\u2019emmagatzemar les cookies i des d\u2019aquest lloc d\u2019efectuar el seu dret a eliminaci\u00f3 o desactivaci\u00f3 de les mateixes. Ni aquest web ni els seus representants legals poden garantir la correcta o incorrecta manipulaci\u00f3 de les cookies per part dels esmentats navegadors. En alguns casos \u00e9s necessari instal\u00b7lar cookies perqu\u00e8 el navegador no oblidi la seva decisi\u00f3 de no acceptaci\u00f3 de les mateixes.<\/p><p>En el cas de les cookies de Google Analytics, aquesta empresa emmagatzema les cookies en els servidors als Estats Units i es compromet a no compartir-la amb tercers, excepte en els casos en qu\u00e8 sigui necessari per al funcionament de sistema o quan la llei obligui a aquest efecte. Segons Google no guarda la seva adre\u00e7a IP. Google Inc \u00e9s una companyia adherida a l\u2019Acord de Port Segur que garanteix que totes les dades transferides seran tractades amb un nivell de protecci\u00f3 d\u2019acord amb la normativa europea. Podeu consultar informaci\u00f3 detallada referent a aix\u00f2 en aquest enlla\u00e7.<\/p><p>Si desitja informaci\u00f3 sobre l\u2019\u00fas que Google d\u00f3na a les cookies li adjuntem aquest altre enlla\u00e7.<\/p><p>Per a qualsevol dubte o consulta sobre aquesta pol\u00edtica de cookies podeu notificar-ho a trav\u00e9s de la secci\u00f3 de contacte.<\/p><p><strong>AVISO LEGAL<\/strong><\/p><div><div><div><div><div><p>Llegiu aquest apartat detingudament at\u00e8s que cont\u00e9 els termes i condicions legals que un accepta al visitar aquest lloc.<\/p><p>PROPIETAT INTEL\u00b7LECTUAL I INDUSTRIAL:\u00a0Els continguts del present portal web, incloent imatges, el domini web, articles, entre d\u2019altres, s\u00f3n propietat del Titular i estan protegits en atenci\u00f3 als articles 8 i 32.1 de la Llei de Propietat Intel\u00b7lectual. En aquest sentit, queda expressament prohibit per part del Usuari, copiar, reproduir, vendre, transmetre, distribuir, modificar o mostrar per a \u00fas comercial els continguts sense expr\u00e9s consentiment per part del Titular. L\u2019Usuari es compromet a respectar els drets de Propietat Intel\u00b7lectual i Industrial del Titular. L\u2019Usuari podr\u00e0 visualitzar els continguts del present portal web, imprimir-los, copiar-los i emmagatzemar-los en el seu propi disc dur o en qualsevol altre suport f\u00edsic sempre i quan sigui \u00fanica i exclusivament per a realitzar un \u00fas personal i privat.<\/p><\/div><\/div><\/div><\/div><\/div><div><div><div><div><div><p>Enlla\u00e7os externs<\/p><p>Ocasionalment, podrem incloure enlla\u00e7os a altres llocs web. Aquests vincles es faciliten a efectes de refer\u00e8ncia exclusivament. No assumim cap tipus de responsabilitat pel que fa a el contingut d\u2019aquestes p\u00e0gines web o pel que fa a la seva disponibilitat i, en aquest sentit, no serem responsables de cap manera de cap tipus de p\u00e8rdues o danys en qu\u00e8 vost\u00e8. Pugui inc\u00f3rrer a conseq\u00fc\u00e8ncia de l\u2019\u00fas que realitzi d\u2019aquests llocs web. Si decideix accedir als llocs web a trav\u00e9s dels vincles inclosos, estar\u00e0 actuant pel seu propi compte i risc.<\/p><p>Exclusi\u00f3 de garanties i responsabilitat<\/p><p>Ocasionalment, podrem incloure enlla\u00e7os a altres llocs web. Aquests vincles es faciliten a efectes de refer\u00e8ncia exclusivament. No assumim cap tipus de responsabilitat pel que fa a el contingut d\u2019aquestes p\u00e0gines web o pel que fa a la seva disponibilitat i, en aquest sentit, no serem responsables de cap manera de cap tipus de p\u00e8rdues o danys en qu\u00e8 vost\u00e8. Pugui inc\u00f3rrer a conseq\u00fc\u00e8ncia de l\u2019\u00fas que realitzi d\u2019aquests llocs web. Si decideix accedir als llocs web a trav\u00e9s dels vincles inclosos, estar\u00e0 actuant pel seu propi compte i risc.<\/p><p>Modificacions dels termes i condicions<\/p><p>En la mesura m\u00e0xima del perm\u00e8s per llei, queden excloses totes les garanties (expresses i impl\u00edcites) relatives al lloc web i al seu \u00fas i contingut. Excepte en cas de neglig\u00e8ncia greu, mort o lesions personals que es derivin de la nostra neglig\u00e8ncia o productes o serveis defectuosos, excloem qualsevol tipus de responsabilitat davant de vost\u00e8. Per l\u2019\u00fas que faci d\u2019aquest lloc.<\/p><p>Llei aplicable<\/p><p>Reservat el dret a modificar en qualsevol moment aquests Termes i Condicions d\u2019\u00das sense obligaci\u00f3 de preav\u00eds a aquestes modificacions comen\u00e7aran a tenir efectes una vegada que els nous termes i condicions revisats hagin estat publicats en el lloc.<\/p><\/div><\/div><\/div><\/div><\/div><\/div><\/div><\/div><\/div><\/div><\/div><\/div><\/div><\/div><\/div>\t\t\t\t\t\t\t\t<\/div>\n\t\t\t\t<\/div>\n\t\t\t\t\t<\/div>\n\t\t\t\t<\/div>\n\t\t\t\t<\/div>","protected":false},"excerpt":{"rendered":"<p>CONDICIONS DE COMPRA La titularitat d\u2019aquest portal web www.fetamavins.cat (en endavant, el portal web), \u00e9s propietat de Marta Arenas Sol\u00e9s, (d&#8217;ara endavant, el titular), amb NIF 40529861C i domicili c, Raval de dalt, 10, 17253 Vall-llobrega (Girona). Aquest document (aix\u00ed com qualsevol altre document al que aqu\u00ed es faci menci\u00f3) regula les condicions per les [&hellip;]<\/p>\n","protected":false},"author":1,"featured_media":0,"parent":0,"menu_order":0,"comment_status":"closed","ping_status":"closed","template":"","meta":{"footnotes":""},"class_list":["post-162","page","type-page","status-publish","hentry"],"_links":{"self":[{"href":"https:\/\/www.fetamavins.cat\/es\/wp-json\/wp\/v2\/pages\/162","targetHints":{"allow":["GET"]}}],"collection":[{"href":"https:\/\/www.fetamavins.cat\/es\/wp-json\/wp\/v2\/pages"}],"about":[{"href":"https:\/\/www.fetamavins.cat\/es\/wp-json\/wp\/v2\/types\/page"}],"author":[{"embeddable":true,"href":"https:\/\/www.fetamavins.cat\/es\/wp-json\/wp\/v2\/users\/1"}],"replies":[{"embeddable":true,"href":"https:\/\/www.fetamavins.cat\/es\/wp-json\/wp\/v2\/comments?post=162"}],"version-history":[{"count":31,"href":"https:\/\/www.fetamavins.cat\/es\/wp-json\/wp\/v2\/pages\/162\/revisions"}],"predecessor-version":[{"id":1145,"href":"https:\/\/www.fetamavins.cat\/es\/wp-json\/wp\/v2\/pages\/162\/revisions\/1145"}],"wp:attachment":[{"href":"https:\/\/www.fetamavins.cat\/es\/wp-json\/wp\/v2\/media?parent=162"}],"curies":[{"name":"wp","href":"https:\/\/api.w.org\/{rel}","templated":true}]}}