{"id":542,"date":"2025-01-17T11:20:53","date_gmt":"2025-01-17T10:20:53","guid":{"rendered":"https:\/\/www.fetamavins.cat\/?page_id=542"},"modified":"2025-02-27T14:41:12","modified_gmt":"2025-02-27T13:41:12","slug":"marta-wine","status":"publish","type":"page","link":"https:\/\/www.fetamavins.cat\/es\/marta-wine\/","title":{"rendered":"Marta Wine"},"content":{"rendered":"<div data-elementor-type=\"wp-page\" data-elementor-id=\"542\" class=\"elementor elementor-542\" data-elementor-post-type=\"page\">\n\t\t\t\t<div class=\"elementor-element elementor-element-359bfe1 e-flex e-con-boxed e-con e-parent\" data-id=\"359bfe1\" data-element_type=\"container\" data-e-type=\"container\" data-settings=\"{&quot;background_background&quot;:&quot;classic&quot;}\">\n\t\t\t\t\t<div class=\"e-con-inner\">\n\t\t\t\t\t<\/div>\n\t\t\t\t<\/div>\n\t\t<div class=\"elementor-element elementor-element-a8eff92 e-con-full e-flex e-con e-parent\" data-id=\"a8eff92\" data-element_type=\"container\" data-e-type=\"container\">\n\t\t<div class=\"elementor-element elementor-element-0ad86e4 e-con-full e-flex e-con e-child\" data-id=\"0ad86e4\" data-element_type=\"container\" data-e-type=\"container\">\n\t\t\t\t<div class=\"elementor-element elementor-element-dc6c893 animated-slow elementor-widget-divider--view-line elementor-invisible elementor-widget elementor-widget-divider\" data-id=\"dc6c893\" data-element_type=\"widget\" data-e-type=\"widget\" data-settings=\"{&quot;_animation&quot;:&quot;fadeInLeft&quot;}\" data-widget_type=\"divider.default\">\n\t\t\t\t<div class=\"elementor-widget-container\">\n\t\t\t\t\t\t\t<div class=\"elementor-divider\">\n\t\t\t<span class=\"elementor-divider-separator\">\n\t\t\t\t\t\t<\/span>\n\t\t<\/div>\n\t\t\t\t\t\t<\/div>\n\t\t\t\t<\/div>\n\t\t\t\t<div class=\"elementor-element elementor-element-77df3da animated-slow elementor-invisible elementor-widget elementor-widget-heading\" data-id=\"77df3da\" data-element_type=\"widget\" data-e-type=\"widget\" data-settings=\"{&quot;_animation&quot;:&quot;fadeIn&quot;}\" data-widget_type=\"heading.default\">\n\t\t\t\t<div class=\"elementor-widget-container\">\n\t\t\t\t\t<h1 class=\"elementor-heading-title elementor-size-default\">Apassionada de la vinya, els vins i l\u2019entorn<\/h1>\t\t\t\t<\/div>\n\t\t\t\t<\/div>\n\t\t\t\t<div class=\"elementor-element elementor-element-fa2ab6e animated-slow elementor-invisible elementor-widget elementor-widget-heading\" data-id=\"fa2ab6e\" data-element_type=\"widget\" data-e-type=\"widget\" data-settings=\"{&quot;_animation&quot;:&quot;fadeIn&quot;}\" data-widget_type=\"heading.default\">\n\t\t\t\t<div class=\"elementor-widget-container\">\n\t\t\t\t\t<h1 class=\"elementor-heading-title elementor-size-default\">(el mar i les Gavarres)<\/h1>\t\t\t\t<\/div>\n\t\t\t\t<\/div>\n\t\t\t\t<div class=\"elementor-element elementor-element-3b15df9 animated-slow elementor-invisible elementor-widget elementor-widget-heading\" data-id=\"3b15df9\" data-element_type=\"widget\" data-e-type=\"widget\" data-settings=\"{&quot;_animation&quot;:&quot;fadeInUp&quot;,&quot;_animation_delay&quot;:400}\" data-widget_type=\"heading.default\">\n\t\t\t\t<div class=\"elementor-widget-container\">\n\t\t\t\t\t<h2 class=\"elementor-heading-title elementor-size-default\">Un projecte personal de Marta Arenas\n<\/h2>\t\t\t\t<\/div>\n\t\t\t\t<\/div>\n\t\t\t\t<div class=\"elementor-element elementor-element-dad2a18 animated-slow elementor-invisible elementor-widget elementor-widget-text-editor\" data-id=\"dad2a18\" data-element_type=\"widget\" data-e-type=\"widget\" data-settings=\"{&quot;_animation&quot;:&quot;fadeIn&quot;,&quot;_animation_delay&quot;:400}\" data-widget_type=\"text-editor.default\">\n\t\t\t\t<div class=\"elementor-widget-container\">\n\t\t\t\t\t\t\t\t\t<p><span style=\"font-weight: 400;\">Nascuda a Vall-llobrega, de fam\u00edlia humil, pagesos capdavanters en la viticultura de la comarca. El 1999, despr\u00e9s de finalitzar els estudis universitaris d\u2019enologia, donem forma i reorientaci\u00f3 al projecte familiar de vitivinicultura de Can Sais, on fins el 2015 esdev\u00e9 un gran projecte de vida i d\u2019aprenentatge constant.<\/span><\/p><p><span style=\"font-weight: 400;\">El 2016 inicio una nova traject\u00f2ria encaminada a seguir aprenent i compartir la meva passi\u00f3 en espais enogastron\u00f2mics diversos, comunicant qu\u00e8 hi ha darrera cada ampolla de vi, principalment del territori empordan\u00e8s.\u00a0<\/span><\/p><p><span style=\"font-weight: 400;\">Des del 2018 a m\u00e9s he tingut la sort de poder transmetre tot all\u00f2 que he anat i vaig aprenent dia a dia, amb qui m\u2019ha obert les portes de les seves vinyes i els seus cellers i ha confiat en una sencilla manera d&#8217;elaborar vins.<\/span><\/p><p><span style=\"font-weight: 400;\">Despr\u00e9s de 25 veremes a l\u2019esquena, puc afirmar que el meu h\u00e0bitat natural \u00e9s el territori baix empordan\u00e8s on em podeu trobar facilment posant el meu granet de sorra, en algunes vinyes i cellers de l\u2019entorn, en tastos de vins, cursos de formaci\u00f3, activitats enoturistiques &#8230;\u00a0<\/span><\/p>\t\t\t\t\t\t\t\t<\/div>\n\t\t\t\t<\/div>\n\t\t\t\t<div class=\"elementor-element elementor-element-455f0d1 elementor-invisible elementor-widget elementor-widget-button\" data-id=\"455f0d1\" data-element_type=\"widget\" data-e-type=\"widget\" data-settings=\"{&quot;_animation&quot;:&quot;slideInUp&quot;,&quot;_animation_delay&quot;:400}\" data-widget_type=\"button.default\">\n\t\t\t\t<div class=\"elementor-widget-container\">\n\t\t\t\t\t\t\t\t\t<div class=\"elementor-button-wrapper\">\n\t\t\t\t\t<a class=\"elementor-button elementor-button-link elementor-size-sm elementor-animation-grow\" href=\"\/es\/el-projecte-fet-a-ma\/\">\n\t\t\t\t\t\t<span class=\"elementor-button-content-wrapper\">\n\t\t\t\t\t\t\t\t\t<span class=\"elementor-button-text\">EL PROYECTO<\/span>\n\t\t\t\t\t<\/span>\n\t\t\t\t\t<\/a>\n\t\t\t\t<\/div>\n\t\t\t\t\t\t\t\t<\/div>\n\t\t\t\t<\/div>\n\t\t\t\t<\/div>\n\t\t<div class=\"elementor-element elementor-element-8bf7ffe e-con-full e-flex e-con e-child\" data-id=\"8bf7ffe\" data-element_type=\"container\" data-e-type=\"container\">\n\t\t\t\t<div class=\"elementor-element elementor-element-9fd68d6 elementor-widget elementor-widget-gallery\" data-id=\"9fd68d6\" data-element_type=\"widget\" data-e-type=\"widget\" data-settings=\"{&quot;gallery_layout&quot;:&quot;masonry&quot;,&quot;columns&quot;:3,&quot;lazyload&quot;:&quot;yes&quot;,&quot;columns_tablet&quot;:2,&quot;columns_mobile&quot;:1,&quot;gap&quot;:{&quot;unit&quot;:&quot;px&quot;,&quot;size&quot;:10,&quot;sizes&quot;:[]},&quot;gap_widescreen&quot;:{&quot;unit&quot;:&quot;px&quot;,&quot;size&quot;:&quot;&quot;,&quot;sizes&quot;:[]},&quot;gap_tablet&quot;:{&quot;unit&quot;:&quot;px&quot;,&quot;size&quot;:10,&quot;sizes&quot;:[]},&quot;gap_mobile&quot;:{&quot;unit&quot;:&quot;px&quot;,&quot;size&quot;:10,&quot;sizes&quot;:[]},&quot;link_to&quot;:&quot;file&quot;,&quot;overlay_background&quot;:&quot;yes&quot;,&quot;content_hover_animation&quot;:&quot;fade-in&quot;}\" data-widget_type=\"gallery.default\">\n\t\t\t\t<div class=\"elementor-widget-container\">\n\t\t\t\t\t\t\t<div class=\"elementor-gallery__container\">\n\t\t\t\t\t\t\t<a class=\"e-gallery-item elementor-gallery-item elementor-animated-content\" href=\"https:\/\/www.fetamavins.cat\/wp-content\/uploads\/2025\/01\/martawine_01.jpg\" data-elementor-open-lightbox=\"yes\" data-elementor-lightbox-slideshow=\"9fd68d6\" data-elementor-lightbox-title=\"martawine_01\" data-e-action-hash=\"#elementor-action%3Aaction%3Dlightbox%26settings%3DeyJpZCI6NTg1LCJ1cmwiOiJodHRwczpcL1wvd3d3LmZldGFtYXZpbnMuY2F0XC93cC1jb250ZW50XC91cGxvYWRzXC8yMDI1XC8wMVwvbWFydGF3aW5lXzAxLmpwZyIsInNsaWRlc2hvdyI6IjlmZDY4ZDYifQ%3D%3D\">\n\t\t\t\t\t<div class=\"e-gallery-image elementor-gallery-item__image\" data-thumbnail=\"https:\/\/www.fetamavins.cat\/wp-content\/uploads\/2025\/01\/martawine_01-768x1024.jpg\" data-width=\"768\" data-height=\"1024\" aria-label=\"Recollida de ra\u00efm\" role=\"img\" ><\/div>\n\t\t\t\t\t\t\t\t\t\t\t<div class=\"elementor-gallery-item__overlay\"><\/div>\n\t\t\t\t\t\t\t\t\t\t\t\t\t\t<\/a>\n\t\t\t\t\t\t\t<a class=\"e-gallery-item elementor-gallery-item elementor-animated-content\" href=\"https:\/\/www.fetamavins.cat\/wp-content\/uploads\/2025\/01\/martawine_03.jpg\" data-elementor-open-lightbox=\"yes\" data-elementor-lightbox-slideshow=\"9fd68d6\" data-elementor-lightbox-title=\"martawine_03\" data-e-action-hash=\"#elementor-action%3Aaction%3Dlightbox%26settings%3DeyJpZCI6NTg2LCJ1cmwiOiJodHRwczpcL1wvd3d3LmZldGFtYXZpbnMuY2F0XC93cC1jb250ZW50XC91cGxvYWRzXC8yMDI1XC8wMVwvbWFydGF3aW5lXzAzLmpwZyIsInNsaWRlc2hvdyI6IjlmZDY4ZDYifQ%3D%3D\">\n\t\t\t\t\t<div class=\"e-gallery-image elementor-gallery-item__image\" data-thumbnail=\"https:\/\/www.fetamavins.cat\/wp-content\/uploads\/2025\/01\/martawine_03-768x1089.jpg\" data-width=\"768\" data-height=\"1089\" aria-label=\"Vinyes\" role=\"img\" ><\/div>\n\t\t\t\t\t\t\t\t\t\t\t<div class=\"elementor-gallery-item__overlay\"><\/div>\n\t\t\t\t\t\t\t\t\t\t\t\t\t\t<\/a>\n\t\t\t\t\t\t\t<a class=\"e-gallery-item elementor-gallery-item elementor-animated-content\" href=\"https:\/\/www.fetamavins.cat\/wp-content\/uploads\/2025\/01\/martawine_06.jpg\" data-elementor-open-lightbox=\"yes\" data-elementor-lightbox-slideshow=\"9fd68d6\" data-elementor-lightbox-title=\"martawine_06\" data-e-action-hash=\"#elementor-action%3Aaction%3Dlightbox%26settings%3DeyJpZCI6NTg3LCJ1cmwiOiJodHRwczpcL1wvd3d3LmZldGFtYXZpbnMuY2F0XC93cC1jb250ZW50XC91cGxvYWRzXC8yMDI1XC8wMVwvbWFydGF3aW5lXzA2LmpwZyIsInNsaWRlc2hvdyI6IjlmZDY4ZDYifQ%3D%3D\">\n\t\t\t\t\t<div class=\"e-gallery-image elementor-gallery-item__image\" data-thumbnail=\"https:\/\/www.fetamavins.cat\/wp-content\/uploads\/2025\/01\/martawine_06-768x768.jpg\" data-width=\"768\" data-height=\"768\" aria-label=\"Vins i vinyes\" role=\"img\" ><\/div>\n\t\t\t\t\t\t\t\t\t\t\t<div class=\"elementor-gallery-item__overlay\"><\/div>\n\t\t\t\t\t\t\t\t\t\t\t\t\t\t<\/a>\n\t\t\t\t\t\t\t<a class=\"e-gallery-item elementor-gallery-item elementor-animated-content\" href=\"https:\/\/www.fetamavins.cat\/wp-content\/uploads\/2025\/01\/martawine_07.jpg\" data-elementor-open-lightbox=\"yes\" data-elementor-lightbox-slideshow=\"9fd68d6\" data-elementor-lightbox-title=\"martawine_07\" data-e-action-hash=\"#elementor-action%3Aaction%3Dlightbox%26settings%3DeyJpZCI6NTkxLCJ1cmwiOiJodHRwczpcL1wvd3d3LmZldGFtYXZpbnMuY2F0XC93cC1jb250ZW50XC91cGxvYWRzXC8yMDI1XC8wMVwvbWFydGF3aW5lXzA3LmpwZyIsInNsaWRlc2hvdyI6IjlmZDY4ZDYifQ%3D%3D\">\n\t\t\t\t\t<div class=\"e-gallery-image elementor-gallery-item__image\" data-thumbnail=\"https:\/\/www.fetamavins.cat\/wp-content\/uploads\/2025\/01\/martawine_07-768x1024.jpg\" data-width=\"768\" data-height=\"1024\" aria-label=\"Cata de vins\" role=\"img\" ><\/div>\n\t\t\t\t\t\t\t\t\t\t\t<div class=\"elementor-gallery-item__overlay\"><\/div>\n\t\t\t\t\t\t\t\t\t\t\t\t\t\t<\/a>\n\t\t\t\t\t\t\t<a class=\"e-gallery-item elementor-gallery-item elementor-animated-content\" href=\"https:\/\/www.fetamavins.cat\/wp-content\/uploads\/2025\/01\/martawine_08.jpg\" data-elementor-open-lightbox=\"yes\" data-elementor-lightbox-slideshow=\"9fd68d6\" data-elementor-lightbox-title=\"martawine_08\" data-e-action-hash=\"#elementor-action%3Aaction%3Dlightbox%26settings%3DeyJpZCI6NTkyLCJ1cmwiOiJodHRwczpcL1wvd3d3LmZldGFtYXZpbnMuY2F0XC93cC1jb250ZW50XC91cGxvYWRzXC8yMDI1XC8wMVwvbWFydGF3aW5lXzA4LmpwZyIsInNsaWRlc2hvdyI6IjlmZDY4ZDYifQ%3D%3D\">\n\t\t\t\t\t<div class=\"e-gallery-image elementor-gallery-item__image\" data-thumbnail=\"https:\/\/www.fetamavins.cat\/wp-content\/uploads\/2025\/01\/martawine_08-768x510.jpg\" data-width=\"768\" data-height=\"510\" aria-label=\"Vinyes al Baix Empord\u00e0\" role=\"img\" ><\/div>\n\t\t\t\t\t\t\t\t\t\t\t<div class=\"elementor-gallery-item__overlay\"><\/div>\n\t\t\t\t\t\t\t\t\t\t\t\t\t\t<\/a>\n\t\t\t\t\t\t\t<a class=\"e-gallery-item elementor-gallery-item elementor-animated-content\" href=\"https:\/\/www.fetamavins.cat\/wp-content\/uploads\/2025\/01\/martawine_10.jpg\" data-elementor-open-lightbox=\"yes\" data-elementor-lightbox-slideshow=\"9fd68d6\" data-elementor-lightbox-title=\"martawine_10\" data-e-action-hash=\"#elementor-action%3Aaction%3Dlightbox%26settings%3DeyJpZCI6NTkzLCJ1cmwiOiJodHRwczpcL1wvd3d3LmZldGFtYXZpbnMuY2F0XC93cC1jb250ZW50XC91cGxvYWRzXC8yMDI1XC8wMVwvbWFydGF3aW5lXzEwLmpwZyIsInNsaWRlc2hvdyI6IjlmZDY4ZDYifQ%3D%3D\">\n\t\t\t\t\t<div class=\"e-gallery-image elementor-gallery-item__image\" data-thumbnail=\"https:\/\/www.fetamavins.cat\/wp-content\/uploads\/2025\/01\/martawine_10-768x1024.jpg\" data-width=\"768\" data-height=\"1024\" aria-label=\"Marta Wine\" role=\"img\" ><\/div>\n\t\t\t\t\t\t\t\t\t\t\t<div class=\"elementor-gallery-item__overlay\"><\/div>\n\t\t\t\t\t\t\t\t\t\t\t\t\t\t<\/a>\n\t\t\t\t\t\t\t<a class=\"e-gallery-item elementor-gallery-item elementor-animated-content\" href=\"https:\/\/www.fetamavins.cat\/wp-content\/uploads\/2025\/01\/matawine_09.jpg\" data-elementor-open-lightbox=\"yes\" data-elementor-lightbox-slideshow=\"9fd68d6\" data-elementor-lightbox-title=\"matawine_09\" data-e-action-hash=\"#elementor-action%3Aaction%3Dlightbox%26settings%3DeyJpZCI6NTk0LCJ1cmwiOiJodHRwczpcL1wvd3d3LmZldGFtYXZpbnMuY2F0XC93cC1jb250ZW50XC91cGxvYWRzXC8yMDI1XC8wMVwvbWF0YXdpbmVfMDkuanBnIiwic2xpZGVzaG93IjoiOWZkNjhkNiJ9\">\n\t\t\t\t\t<div class=\"e-gallery-image elementor-gallery-item__image\" data-thumbnail=\"https:\/\/www.fetamavins.cat\/wp-content\/uploads\/2025\/01\/matawine_09.jpg\" data-width=\"496\" data-height=\"1101\" aria-label=\"Vinya Baix Empord\u00e0\" role=\"img\" ><\/div>\n\t\t\t\t\t\t\t\t\t\t\t<div class=\"elementor-gallery-item__overlay\"><\/div>\n\t\t\t\t\t\t\t\t\t\t\t\t\t\t<\/a>\n\t\t\t\t\t<\/div>\n\t\t\t\t\t<\/div>\n\t\t\t\t<\/div>\n\t\t\t\t<\/div>\n\t\t\t\t<\/div>\n\t\t\t\t<\/div>","protected":false},"excerpt":{"rendered":"<p>Apassionada de la vinya, els vins i l\u2019entorn (el mar i les Gavarres) Un projecte personal de Marta Arenas Nascuda a Vall-llobrega, de fam\u00edlia humil, pagesos capdavanters en la viticultura de la comarca. El 1999, despr\u00e9s de finalitzar els estudis universitaris d\u2019enologia, donem forma i reorientaci\u00f3 al projecte familiar de vitivinicultura de Can Sais, on [&hellip;]<\/p>\n","protected":false},"author":2,"featured_media":0,"parent":0,"menu_order":0,"comment_status":"closed","ping_status":"closed","template":"","meta":{"footnotes":""},"class_list":["post-542","page","type-page","status-publish","hentry"],"_links":{"self":[{"href":"https:\/\/www.fetamavins.cat\/es\/wp-json\/wp\/v2\/pages\/542","targetHints":{"allow":["GET"]}}],"collection":[{"href":"https:\/\/www.fetamavins.cat\/es\/wp-json\/wp\/v2\/pages"}],"about":[{"href":"https:\/\/www.fetamavins.cat\/es\/wp-json\/wp\/v2\/types\/page"}],"author":[{"embeddable":true,"href":"https:\/\/www.fetamavins.cat\/es\/wp-json\/wp\/v2\/users\/2"}],"replies":[{"embeddable":true,"href":"https:\/\/www.fetamavins.cat\/es\/wp-json\/wp\/v2\/comments?post=542"}],"version-history":[{"count":43,"href":"https:\/\/www.fetamavins.cat\/es\/wp-json\/wp\/v2\/pages\/542\/revisions"}],"predecessor-version":[{"id":1064,"href":"https:\/\/www.fetamavins.cat\/es\/wp-json\/wp\/v2\/pages\/542\/revisions\/1064"}],"wp:attachment":[{"href":"https:\/\/www.fetamavins.cat\/es\/wp-json\/wp\/v2\/media?parent=542"}],"curies":[{"name":"wp","href":"https:\/\/api.w.org\/{rel}","templated":true}]}}