{"id":1205,"date":"2025-05-28T12:15:05","date_gmt":"2025-05-28T10:15:05","guid":{"rendered":"https:\/\/www.fetamavins.cat\/?post_type=product&#038;p=1205"},"modified":"2025-11-30T21:57:43","modified_gmt":"2025-11-30T20:57:43","slug":"oli-doliva-verge-extra-2024-25cl","status":"publish","type":"product","link":"https:\/\/www.fetamavins.cat\/es\/producto\/oli-doliva-verge-extra-2024-25cl\/","title":{"rendered":"Oli d&#8217;oliva verge extra 2025 (25cl)"},"content":{"rendered":"<p style=\"font-weight: 400;\">Oli d&#8217;oliva verge extra, d&#8217;oliveres centen\u00e0ries i mil\u00b7len\u00e0ries de la varietat antiga d&#8217;Argudell, ubicades a Vall-llobrega, al Baix Empord\u00e0. Recollides i moltes el 25 d&#8217;octubre de 2025.<\/p>\n<p>Cultiu respectu\u00f3s i no intervencionista<\/p>\n<p>Extracci\u00f3 per pressi\u00f3 en fred, decantaci\u00f3 i sense filtraci\u00f3.<\/p>\n<p>&nbsp;<\/p>","protected":false},"excerpt":{"rendered":"<p>Oli d&#8217;oliva verge extra, d&#8217;oliveres centen\u00e0ries i mil\u00b7len\u00e0ries de la varietat antiga d&#8217;Argudell, ubicades a Vall-llobrega, al Baix Empord\u00e0. Recollides i moltes el 25 d&#8217;octubre de 2025. Cultiu respectu\u00f3s i no intervencionista Extracci\u00f3 per pressi\u00f3 en fred, decantaci\u00f3 i sense filtraci\u00f3. &nbsp;<\/p>","protected":false},"featured_media":1364,"template":"","meta":[],"product_brand":[],"product_cat":[18],"product_tag":[],"class_list":{"0":"post-1205","1":"product","2":"type-product","3":"status-publish","4":"has-post-thumbnail","6":"product_cat-vins","8":"first","9":"instock","10":"taxable","11":"shipping-taxable","12":"purchasable","13":"product-type-simple"},"_links":{"self":[{"href":"https:\/\/www.fetamavins.cat\/es\/wp-json\/wp\/v2\/product\/1205","targetHints":{"allow":["GET"]}}],"collection":[{"href":"https:\/\/www.fetamavins.cat\/es\/wp-json\/wp\/v2\/product"}],"about":[{"href":"https:\/\/www.fetamavins.cat\/es\/wp-json\/wp\/v2\/types\/product"}],"wp:featuredmedia":[{"embeddable":true,"href":"https:\/\/www.fetamavins.cat\/es\/wp-json\/wp\/v2\/media\/1364"}],"wp:attachment":[{"href":"https:\/\/www.fetamavins.cat\/es\/wp-json\/wp\/v2\/media?parent=1205"}],"wp:term":[{"taxonomy":"product_brand","embeddable":true,"href":"https:\/\/www.fetamavins.cat\/es\/wp-json\/wp\/v2\/product_brand?post=1205"},{"taxonomy":"product_cat","embeddable":true,"href":"https:\/\/www.fetamavins.cat\/es\/wp-json\/wp\/v2\/product_cat?post=1205"},{"taxonomy":"product_tag","embeddable":true,"href":"https:\/\/www.fetamavins.cat\/es\/wp-json\/wp\/v2\/product_tag?post=1205"}],"curies":[{"name":"wp","href":"https:\/\/api.w.org\/{rel}","templated":true}]}}