{"id":1207,"date":"2025-05-28T12:34:47","date_gmt":"2025-05-28T10:34:47","guid":{"rendered":"https:\/\/www.fetamavins.cat\/?post_type=product&#038;p=1207"},"modified":"2025-11-30T21:48:44","modified_gmt":"2025-11-30T20:48:44","slug":"ratafia-2024-75cl","status":"publish","type":"product","link":"https:\/\/www.fetamavins.cat\/es\/producto\/ratafia-2024-75cl\/","title":{"rendered":"Ratafia 2025 (75cl)"},"content":{"rendered":"<p>Ratafia elaborada a casa segons recepta tradicional.<\/p>\n<p>Enguany amb maceraci\u00f3 de nous verdes i un total de 47 plantes arom\u00e0tiques, remeieres, flors i esp\u00e8cies, dels boscos de les Gavarres a Vall-llobrega, 2 mesos a sol i serena i embotellada sense filtrar.<\/p>\n<p>Una del\u00edcia al punt de dol\u00e7or, que cura &#8220;tots els mals&#8221;<\/p>\n<p>Producci\u00f3 limitada a 50 amp.<\/p>\n<p>22% vol aprox.<\/p>\n<p>&nbsp;<\/p>","protected":false},"excerpt":{"rendered":"<p>Ratafia elaborada a casa segons recepta tradicional. Enguany amb maceraci\u00f3 de nous verdes i un total de 47 plantes arom\u00e0tiques, remeieres, flors i esp\u00e8cies, dels boscos de les Gavarres a Vall-llobrega, 2 mesos a sol i serena i embotellada sense filtrar. Una del\u00edcia al punt de dol\u00e7or, que cura &#8220;tots els mals&#8221; Producci\u00f3 limitada a [&hellip;]<\/p>\n","protected":false},"featured_media":1363,"template":"","meta":[],"product_brand":[],"product_cat":[18],"product_tag":[],"class_list":{"0":"post-1207","1":"product","2":"type-product","3":"status-publish","4":"has-post-thumbnail","6":"product_cat-vins","8":"first","9":"instock","10":"taxable","11":"shipping-taxable","12":"purchasable","13":"product-type-simple"},"_links":{"self":[{"href":"https:\/\/www.fetamavins.cat\/es\/wp-json\/wp\/v2\/product\/1207","targetHints":{"allow":["GET"]}}],"collection":[{"href":"https:\/\/www.fetamavins.cat\/es\/wp-json\/wp\/v2\/product"}],"about":[{"href":"https:\/\/www.fetamavins.cat\/es\/wp-json\/wp\/v2\/types\/product"}],"wp:featuredmedia":[{"embeddable":true,"href":"https:\/\/www.fetamavins.cat\/es\/wp-json\/wp\/v2\/media\/1363"}],"wp:attachment":[{"href":"https:\/\/www.fetamavins.cat\/es\/wp-json\/wp\/v2\/media?parent=1207"}],"wp:term":[{"taxonomy":"product_brand","embeddable":true,"href":"https:\/\/www.fetamavins.cat\/es\/wp-json\/wp\/v2\/product_brand?post=1207"},{"taxonomy":"product_cat","embeddable":true,"href":"https:\/\/www.fetamavins.cat\/es\/wp-json\/wp\/v2\/product_cat?post=1207"},{"taxonomy":"product_tag","embeddable":true,"href":"https:\/\/www.fetamavins.cat\/es\/wp-json\/wp\/v2\/product_tag?post=1207"}],"curies":[{"name":"wp","href":"https:\/\/api.w.org\/{rel}","templated":true}]}}