{"id":1273,"date":"2025-07-01T18:12:43","date_gmt":"2025-07-01T16:12:43","guid":{"rendered":"https:\/\/www.fetamavins.cat\/?post_type=product&#038;p=1273"},"modified":"2026-03-20T19:37:44","modified_gmt":"2026-03-20T18:37:44","slug":"brisee-2024","status":"publish","type":"product","link":"https:\/\/www.fetamavins.cat\/es\/producto\/brisee-2024\/","title":{"rendered":"Brugarol &#8211; Bris\u00e9e 2025"},"content":{"rendered":"<p>Celler Brugarol &#8211; Palam\u00f3s &#8211; DO Empord\u00e0 &#8211; Vi blanc brisat<\/p>\n<p>Garnatxa Roja 100% de la Vall de Bell-lloc.<\/p>\n<p>Verema manual. Maceraci\u00f3 fermentaci\u00f3 espont\u00e0nia en fred, amb les pells durant 20 dies.\u00a0 Descubat i premsat suau i rep\u00f2s hivernal amb les seves lies fines. Elaborat sense sulfits ni altres substitutius, no clarificat ni filtrat. Veg\u00e0 i ecol\u00f2gic en conversi\u00f3.<\/p>\n<p>Aromes intenses a pell de ra\u00efm, cirera d\u2019arbo\u00e7 i albercoc deshidratat. Certa tanicitat i tensi\u00f3 en boca,<br \/>\namb volum i elag\u00e0ncia. Ideal per entrants de clova, peix fregit, gamba vermella, tonyina fresca i arrossos de mar.<\/p>\n<p>Servir fresc per\u00f2 no gla\u00e7at, a 8\u00baC &#8211; 10\u00baC<\/p>\n<p>Amb el pas del temps pot formar-se alguna lleugera terbolesa natural al fons de l&#8217;ampolla.<\/p>\n<p><em>12 %vol.\u00a0 \u00a0 \u00a0 \u00a0<\/em><\/p>\n<p><em>Sulfits totals: 0 mg\/l<\/em><\/p>\n<p><em>Acidesa vol\u00e0til: 0.28 g\/l<\/em><\/p>\n<p><em>Producci\u00f3: 872 ampolles<\/em><\/p>\n<p><a href=\"http:\/\/www.brugarol.com\" target=\"_blank\" rel=\"noopener\">http:\/\/www.brugarol.com<\/a><\/p>","protected":false},"excerpt":{"rendered":"<p>Celler Brugarol &#8211; Palam\u00f3s &#8211; DO Empord\u00e0 &#8211; Vi blanc brisat Garnatxa Roja 100% de la Vall de Bell-lloc. Verema manual. Maceraci\u00f3 fermentaci\u00f3 espont\u00e0nia en fred, amb les pells durant 20 dies.\u00a0 Descubat i premsat suau i rep\u00f2s hivernal amb les seves lies fines. Elaborat sense sulfits ni altres substitutius, no clarificat ni filtrat. Veg\u00e0 [&hellip;]<\/p>\n","protected":false},"featured_media":1430,"template":"","meta":[],"product_brand":[],"product_cat":[23],"product_tag":[],"class_list":{"0":"post-1273","1":"product","2":"type-product","3":"status-publish","4":"has-post-thumbnail","6":"product_cat-vins-daltres-cellers","8":"first","9":"instock","10":"taxable","11":"shipping-taxable","12":"purchasable","13":"product-type-simple"},"_links":{"self":[{"href":"https:\/\/www.fetamavins.cat\/es\/wp-json\/wp\/v2\/product\/1273","targetHints":{"allow":["GET"]}}],"collection":[{"href":"https:\/\/www.fetamavins.cat\/es\/wp-json\/wp\/v2\/product"}],"about":[{"href":"https:\/\/www.fetamavins.cat\/es\/wp-json\/wp\/v2\/types\/product"}],"wp:featuredmedia":[{"embeddable":true,"href":"https:\/\/www.fetamavins.cat\/es\/wp-json\/wp\/v2\/media\/1430"}],"wp:attachment":[{"href":"https:\/\/www.fetamavins.cat\/es\/wp-json\/wp\/v2\/media?parent=1273"}],"wp:term":[{"taxonomy":"product_brand","embeddable":true,"href":"https:\/\/www.fetamavins.cat\/es\/wp-json\/wp\/v2\/product_brand?post=1273"},{"taxonomy":"product_cat","embeddable":true,"href":"https:\/\/www.fetamavins.cat\/es\/wp-json\/wp\/v2\/product_cat?post=1273"},{"taxonomy":"product_tag","embeddable":true,"href":"https:\/\/www.fetamavins.cat\/es\/wp-json\/wp\/v2\/product_tag?post=1273"}],"curies":[{"name":"wp","href":"https:\/\/api.w.org\/{rel}","templated":true}]}}