{"id":1340,"date":"2025-09-10T19:49:40","date_gmt":"2025-09-10T17:49:40","guid":{"rendered":"https:\/\/www.fetamavins.cat\/?post_type=product&#038;p=1340"},"modified":"2026-03-12T07:54:48","modified_gmt":"2026-03-12T06:54:48","slug":"masoller-ancestral-2024","status":"publish","type":"product","link":"https:\/\/www.fetamavins.cat\/es\/producto\/masoller-ancestral-2024\/","title":{"rendered":"MasOller &#8211; Ancestral 2024"},"content":{"rendered":"<p>Bodega Mas Oller\u00a0 &#8211; Vi escum\u00f3s rosat &#8211; m\u00e8tode ancestral<\/p>\n<p>Garnatxa negra 100%<\/p>\n<p><span style=\"font-weight: 400;\">Extracci\u00f3 per gravetat del most flor. Fermentaci\u00f3 en fred en dip\u00f2sit d\u2019inox i final de fermentaci\u00f3 dins l\u2019ampolla. Rep\u00f2s en rima de 7 mesos. Aclarit i degorjat manuals. Tapat amb suro<\/span><\/p>\n<p>Servir fresc a 4\u00baC-6\u00baC.<\/p>\n<p><span style=\"font-weight: 400;\">Per respectar al m\u00e0xim les seves caracter\u00edstiques no ha estat estabilitzat ni filtrat i es pot formar una lleugera terbolesa o petits sediments al fons de l\u2019ampolla.<\/span><\/p>\n<p><em>12.5 %vol.\u00a0 \u00a0 \u00a0 \u00a0<\/em><\/p>\n<p><em>Sulfits totals: 0 mg\/l<\/em><\/p>\n<p>ECO i Veg\u00e0<\/p>\n<p>DO Empord\u00e0<\/p>\n<p><em>Producci\u00f3: 1.300 ampolles<\/em><\/p>\n<p><a href=\"http:\/\/www.masoller.cat\" target=\"_blank\" rel=\"noopener\">http:\/\/www.masoller.cat<\/a><\/p>","protected":false},"excerpt":{"rendered":"<p>Bodega Mas Oller\u00a0 &#8211; Vi escum\u00f3s rosat &#8211; m\u00e8tode ancestral Garnatxa negra 100% Extracci\u00f3 per gravetat del most flor. Fermentaci\u00f3 en fred en dip\u00f2sit d\u2019inox i final de fermentaci\u00f3 dins l\u2019ampolla. Rep\u00f2s en rima de 7 mesos. Aclarit i degorjat manuals. Tapat amb suro Servir fresc a 4\u00baC-6\u00baC. Per respectar al m\u00e0xim les seves caracter\u00edstiques [&hellip;]<\/p>\n","protected":false},"featured_media":1342,"template":"","meta":[],"product_brand":[],"product_cat":[23],"product_tag":[],"class_list":{"0":"post-1340","1":"product","2":"type-product","3":"status-publish","4":"has-post-thumbnail","6":"product_cat-vins-daltres-cellers","8":"first","9":"outofstock","10":"taxable","11":"shipping-taxable","12":"purchasable","13":"product-type-simple"},"_links":{"self":[{"href":"https:\/\/www.fetamavins.cat\/es\/wp-json\/wp\/v2\/product\/1340","targetHints":{"allow":["GET"]}}],"collection":[{"href":"https:\/\/www.fetamavins.cat\/es\/wp-json\/wp\/v2\/product"}],"about":[{"href":"https:\/\/www.fetamavins.cat\/es\/wp-json\/wp\/v2\/types\/product"}],"wp:featuredmedia":[{"embeddable":true,"href":"https:\/\/www.fetamavins.cat\/es\/wp-json\/wp\/v2\/media\/1342"}],"wp:attachment":[{"href":"https:\/\/www.fetamavins.cat\/es\/wp-json\/wp\/v2\/media?parent=1340"}],"wp:term":[{"taxonomy":"product_brand","embeddable":true,"href":"https:\/\/www.fetamavins.cat\/es\/wp-json\/wp\/v2\/product_brand?post=1340"},{"taxonomy":"product_cat","embeddable":true,"href":"https:\/\/www.fetamavins.cat\/es\/wp-json\/wp\/v2\/product_cat?post=1340"},{"taxonomy":"product_tag","embeddable":true,"href":"https:\/\/www.fetamavins.cat\/es\/wp-json\/wp\/v2\/product_tag?post=1340"}],"curies":[{"name":"wp","href":"https:\/\/api.w.org\/{rel}","templated":true}]}}