{"id":1365,"date":"2025-11-30T22:08:22","date_gmt":"2025-11-30T21:08:22","guid":{"rendered":"https:\/\/www.fetamavins.cat\/?post_type=product&#038;p=1365"},"modified":"2025-11-30T23:16:05","modified_gmt":"2025-11-30T22:16:05","slug":"vmut-2025-75cl-copia","status":"publish","type":"product","link":"https:\/\/www.fetamavins.cat\/es\/producto\/vmut-2025-75cl-copia\/","title":{"rendered":"V&#8217;Mut 2025 (75cl)"},"content":{"rendered":"<p>Vi blanc de malvasia envellida i macerat a sol i serena durant 1 any aproximadament, amb les mateixes herbes d&#8217;elaborar la ratafia, a m\u00e9s d&#8217;absenta, pell de taronja i de llimona.<\/p>\n<p>\u00c9s un vi aromatitzat naturalment, estil vermut, elaborat a casa.<\/p>\n<p>Es recomana servir-lo fresc, amb un gla\u00e7\u00f3 i un tall de taronja al gust.<\/p>\n<p>Producci\u00f3 limitada a 50 amp.<\/p>\n<p>16% vol aprox.<\/p>\n<p>&nbsp;<\/p>","protected":false},"excerpt":{"rendered":"<p>Vi blanc de malvasia envellida i macerat a sol i serena durant 1 any aproximadament, amb les mateixes herbes d&#8217;elaborar la ratafia, a m\u00e9s d&#8217;absenta, pell de taronja i de llimona. \u00c9s un vi aromatitzat naturalment, estil vermut, elaborat a casa. Es recomana servir-lo fresc, amb un gla\u00e7\u00f3 i un tall de taronja al gust. [&hellip;]<\/p>\n","protected":false},"featured_media":1366,"template":"","meta":[],"product_brand":[],"product_cat":[18],"product_tag":[],"class_list":{"0":"post-1365","1":"product","2":"type-product","3":"status-publish","4":"has-post-thumbnail","6":"product_cat-vins","8":"first","9":"instock","10":"taxable","11":"shipping-taxable","12":"purchasable","13":"product-type-simple"},"_links":{"self":[{"href":"https:\/\/www.fetamavins.cat\/es\/wp-json\/wp\/v2\/product\/1365","targetHints":{"allow":["GET"]}}],"collection":[{"href":"https:\/\/www.fetamavins.cat\/es\/wp-json\/wp\/v2\/product"}],"about":[{"href":"https:\/\/www.fetamavins.cat\/es\/wp-json\/wp\/v2\/types\/product"}],"wp:featuredmedia":[{"embeddable":true,"href":"https:\/\/www.fetamavins.cat\/es\/wp-json\/wp\/v2\/media\/1366"}],"wp:attachment":[{"href":"https:\/\/www.fetamavins.cat\/es\/wp-json\/wp\/v2\/media?parent=1365"}],"wp:term":[{"taxonomy":"product_brand","embeddable":true,"href":"https:\/\/www.fetamavins.cat\/es\/wp-json\/wp\/v2\/product_brand?post=1365"},{"taxonomy":"product_cat","embeddable":true,"href":"https:\/\/www.fetamavins.cat\/es\/wp-json\/wp\/v2\/product_cat?post=1365"},{"taxonomy":"product_tag","embeddable":true,"href":"https:\/\/www.fetamavins.cat\/es\/wp-json\/wp\/v2\/product_tag?post=1365"}],"curies":[{"name":"wp","href":"https:\/\/api.w.org\/{rel}","templated":true}]}}