{"id":1368,"date":"2025-11-30T22:22:11","date_gmt":"2025-11-30T21:22:11","guid":{"rendered":"https:\/\/www.fetamavins.cat\/?post_type=product&#038;p=1368"},"modified":"2025-12-14T09:59:01","modified_gmt":"2025-12-14T08:59:01","slug":"caixaregal1","status":"publish","type":"product","link":"https:\/\/www.fetamavins.cat\/es\/producto\/caixaregal1\/","title":{"rendered":"Caixes de regal"},"content":{"rendered":"<p>&nbsp;<\/p>\n<p><strong>Ideal per regals i per festes. \ud83c\udf81\ud83c\udf84<\/strong><\/p>\n<p>Vols els vins a punt per regalar.<\/p>\n<p>L&#8217;estoig o la capsa pot ser per 1, 3 o 6 ampolles, iguals o variades al gust.<\/p>\n<p>Escull primer els vins o productes que desitgis, afageix-los a la cistella i despr\u00e9s les unitats de caixes per regal que necessites.<\/p>\n<p>Si cal alguna preparaci\u00f3 especial o alguna observaci\u00f3, envia&#8217;ns un mail amb el n\u00fam. de comanda i aix\u00ed ho tindrem en compte.<\/p>","protected":false},"excerpt":{"rendered":"<p>&nbsp; Ideal per regals i per festes. \ud83c\udf81\ud83c\udf84 Vols els vins a punt per regalar. L&#8217;estoig o la capsa pot ser per 1, 3 o 6 ampolles, iguals o variades al gust. Escull primer els vins o productes que desitgis, afageix-los a la cistella i despr\u00e9s les unitats de caixes per regal que necessites. Si [&hellip;]<\/p>\n","protected":false},"featured_media":1369,"template":"","meta":[],"product_brand":[],"product_cat":[18],"product_tag":[],"class_list":{"0":"post-1368","1":"product","2":"type-product","3":"status-publish","4":"has-post-thumbnail","6":"product_cat-vins","8":"first","9":"instock","10":"taxable","11":"shipping-taxable","12":"purchasable","13":"product-type-simple"},"_links":{"self":[{"href":"https:\/\/www.fetamavins.cat\/es\/wp-json\/wp\/v2\/product\/1368","targetHints":{"allow":["GET"]}}],"collection":[{"href":"https:\/\/www.fetamavins.cat\/es\/wp-json\/wp\/v2\/product"}],"about":[{"href":"https:\/\/www.fetamavins.cat\/es\/wp-json\/wp\/v2\/types\/product"}],"wp:featuredmedia":[{"embeddable":true,"href":"https:\/\/www.fetamavins.cat\/es\/wp-json\/wp\/v2\/media\/1369"}],"wp:attachment":[{"href":"https:\/\/www.fetamavins.cat\/es\/wp-json\/wp\/v2\/media?parent=1368"}],"wp:term":[{"taxonomy":"product_brand","embeddable":true,"href":"https:\/\/www.fetamavins.cat\/es\/wp-json\/wp\/v2\/product_brand?post=1368"},{"taxonomy":"product_cat","embeddable":true,"href":"https:\/\/www.fetamavins.cat\/es\/wp-json\/wp\/v2\/product_cat?post=1368"},{"taxonomy":"product_tag","embeddable":true,"href":"https:\/\/www.fetamavins.cat\/es\/wp-json\/wp\/v2\/product_tag?post=1368"}],"curies":[{"name":"wp","href":"https:\/\/api.w.org\/{rel}","templated":true}]}}