{"id":1381,"date":"2025-12-16T16:24:08","date_gmt":"2025-12-16T15:24:08","guid":{"rendered":"https:\/\/www.fetamavins.cat\/?post_type=product&#038;p=1381"},"modified":"2025-12-16T17:09:57","modified_gmt":"2025-12-16T16:09:57","slug":"dinarmaridatge-a-vall-llobrega-2025-copia","status":"publish","type":"product","link":"https:\/\/www.fetamavins.cat\/es\/producto\/dinarmaridatge-a-vall-llobrega-2025-copia\/","title":{"rendered":"DINAR maridatge de VINYA  a Vall-llobrega"},"content":{"rendered":"<p><span style=\"color: #ff9900;\"><strong>CAPS DE SETMANA\u00a0<\/strong><\/span><\/p>\n<p><span style=\"color: #ff9900;\"><b>de gener a abril<\/b><\/span><\/p>\n<p>Dirigit per <strong>Marta Arenas<\/strong><\/p>\n<p>Xef: <strong>Blai Florensa <\/strong><\/p>\n<p><span class=\"a_GcMg font-feature-liga-off font-feature-clig-off font-feature-calt-off text-decoration-none text-strikethrough-none\">Men\u00fa maridatge sorpresa enmig de la vinya, a base de diversos platets de cuina empordanesa i del territori, amb ingredients km0 i segons mercat, especialment escollits per l\u2019ocasi\u00f3.<\/span><\/p>\n<p><strong>Preu<\/strong>: 60\u20ac\/p. (m\u00ednim 8p. m\u00e0x 20p.)<\/p>\n<p><span style=\"color: #333333;\"><span style=\"color: #000000;\"><strong>Lloc:<\/strong><\/span> Vinya<\/span><span style=\"color: #333333;\"> FetaM\u00e0 &#8211; Vall-llobrega &#8211; Girona<\/span><\/p>\n<p><strong>Important:<\/strong> Abans de formalitzar la comanda cal haver concretat personalment, el dia i hora desitjat<\/p>\n<p>&nbsp;<\/p>\n<p>&nbsp;<\/p>","protected":false},"excerpt":{"rendered":"<p>CAPS DE SETMANA\u00a0 de gener a abril Dirigit per Marta Arenas Xef: Blai Florensa Men\u00fa maridatge sorpresa enmig de la vinya, a base de diversos platets de cuina empordanesa i del territori, amb ingredients km0 i segons mercat, especialment escollits per l\u2019ocasi\u00f3. Preu: 60\u20ac\/p. (m\u00ednim 8p. m\u00e0x 20p.) Lloc: Vinya FetaM\u00e0 &#8211; Vall-llobrega &#8211; Girona [&hellip;]<\/p>\n","protected":false},"featured_media":1382,"template":"","meta":[],"product_brand":[],"product_cat":[24],"product_tag":[],"class_list":{"0":"post-1381","1":"product","2":"type-product","3":"status-publish","4":"has-post-thumbnail","6":"product_cat-activitats","8":"first","9":"instock","10":"virtual","11":"taxable","12":"purchasable","13":"product-type-simple"},"_links":{"self":[{"href":"https:\/\/www.fetamavins.cat\/es\/wp-json\/wp\/v2\/product\/1381","targetHints":{"allow":["GET"]}}],"collection":[{"href":"https:\/\/www.fetamavins.cat\/es\/wp-json\/wp\/v2\/product"}],"about":[{"href":"https:\/\/www.fetamavins.cat\/es\/wp-json\/wp\/v2\/types\/product"}],"wp:featuredmedia":[{"embeddable":true,"href":"https:\/\/www.fetamavins.cat\/es\/wp-json\/wp\/v2\/media\/1382"}],"wp:attachment":[{"href":"https:\/\/www.fetamavins.cat\/es\/wp-json\/wp\/v2\/media?parent=1381"}],"wp:term":[{"taxonomy":"product_brand","embeddable":true,"href":"https:\/\/www.fetamavins.cat\/es\/wp-json\/wp\/v2\/product_brand?post=1381"},{"taxonomy":"product_cat","embeddable":true,"href":"https:\/\/www.fetamavins.cat\/es\/wp-json\/wp\/v2\/product_cat?post=1381"},{"taxonomy":"product_tag","embeddable":true,"href":"https:\/\/www.fetamavins.cat\/es\/wp-json\/wp\/v2\/product_tag?post=1381"}],"curies":[{"name":"wp","href":"https:\/\/api.w.org\/{rel}","templated":true}]}}