{"id":361,"date":"2025-01-20T11:19:29","date_gmt":"2025-01-20T10:19:29","guid":{"rendered":"https:\/\/www.fetamavins.cat\/?post_type=product&#038;p=361"},"modified":"2025-12-20T17:41:22","modified_gmt":"2025-12-20T16:41:22","slug":"pitiu-2025","status":"publish","type":"product","link":"https:\/\/www.fetamavins.cat\/es\/producto\/pitiu-2025\/","title":{"rendered":"P&#8217;tiu 2025"},"content":{"rendered":"<p style=\"font-weight: 400;\"><span style=\"font-weight: 400;\">En mem\u00f2ria del vi petit d\u2019aprofitament de casa. <\/span><\/p>\n<p style=\"font-weight: 400;\">Un vi d\u2019agulla de ra\u00efms dilu\u00efts, lleugerament brisat i tornat a premsar, d\u2019una sola fermentaci\u00f3 espont\u00e0nia, iniciada en dip\u00f2sit i acabada en ampolla, net i degorjat a m\u00e0, de poca graduaci\u00f3 i bombolleta molt fina.<\/p>\n<p style=\"font-weight: 400;\">Fresc en boca, nas de poma cuita i pel de ra\u00efm, ideal per obrir la gana.<\/p>\n<p>No t\u00e9 cap filtrat previ i pot generar alguna terbolesa natural de les pr\u00f2pies restes de la fermentaci\u00f3, dins l&#8217;ampolla.<\/p>\n<p style=\"font-weight: 400;\">M\u00e8tode ancestral\u00a0 \u00a0 \u00a0 \u00a0 \u00a0 \u00a0 \u00a0 \u00a0 \u00a0 \u00a0 \u00a0 \u00a0 \u00a0 \u00a0\u00a0100% Malvasia de l\u2019Empord\u00e0<\/p>\n<p style=\"font-weight: 400;\">","protected":false},"excerpt":{"rendered":"<p>En mem\u00f2ria del vi petit d\u2019aprofitament de casa. Un vi d\u2019agulla de ra\u00efms dilu\u00efts, lleugerament brisat i tornat a premsar, d\u2019una sola fermentaci\u00f3 espont\u00e0nia, iniciada en dip\u00f2sit i acabada en ampolla, net i degorjat a m\u00e0, de poca graduaci\u00f3 i bombolleta molt fina. Fresc en boca, nas de poma cuita i pel de ra\u00efm, ideal [&hellip;]<\/p>\n","protected":false},"featured_media":936,"template":"","meta":[],"product_brand":[],"product_cat":[18],"product_tag":[],"class_list":{"0":"post-361","1":"product","2":"type-product","3":"status-publish","4":"has-post-thumbnail","6":"product_cat-vins","7":"product_shipping_class-6-ampolles","9":"first","10":"instock","11":"taxable","12":"shipping-taxable","13":"purchasable","14":"product-type-simple"},"_links":{"self":[{"href":"https:\/\/www.fetamavins.cat\/es\/wp-json\/wp\/v2\/product\/361","targetHints":{"allow":["GET"]}}],"collection":[{"href":"https:\/\/www.fetamavins.cat\/es\/wp-json\/wp\/v2\/product"}],"about":[{"href":"https:\/\/www.fetamavins.cat\/es\/wp-json\/wp\/v2\/types\/product"}],"wp:featuredmedia":[{"embeddable":true,"href":"https:\/\/www.fetamavins.cat\/es\/wp-json\/wp\/v2\/media\/936"}],"wp:attachment":[{"href":"https:\/\/www.fetamavins.cat\/es\/wp-json\/wp\/v2\/media?parent=361"}],"wp:term":[{"taxonomy":"product_brand","embeddable":true,"href":"https:\/\/www.fetamavins.cat\/es\/wp-json\/wp\/v2\/product_brand?post=361"},{"taxonomy":"product_cat","embeddable":true,"href":"https:\/\/www.fetamavins.cat\/es\/wp-json\/wp\/v2\/product_cat?post=361"},{"taxonomy":"product_tag","embeddable":true,"href":"https:\/\/www.fetamavins.cat\/es\/wp-json\/wp\/v2\/product_tag?post=361"}],"curies":[{"name":"wp","href":"https:\/\/api.w.org\/{rel}","templated":true}]}}