{"id":367,"date":"2025-01-20T11:18:15","date_gmt":"2025-01-20T10:18:15","guid":{"rendered":"https:\/\/www.fetamavins.cat\/?post_type=product&#038;p=367"},"modified":"2025-12-23T10:29:25","modified_gmt":"2025-12-23T09:29:25","slug":"cofoi-2023","status":"publish","type":"product","link":"https:\/\/www.fetamavins.cat\/es\/producto\/cofoi-2023\/","title":{"rendered":"Cofoi 2024"},"content":{"rendered":"<p style=\"font-weight: 400;\">Un vi escum\u00f3s natural blanc, d\u2019una sola fermentaci\u00f3 espont\u00e0nia, iniciada en \u00e0mfora i acabada en ampolla, net i degorjat a m\u00e0, de bombolla fina i elegant.<\/p>\n<p style=\"font-weight: 400;\">Sal\u00ed i\u00a0 fresc en boca, nas de pera i flor blanca, que se sent c\u00f2mode a taula amb entrants, on els productes del mar hi s\u00f3n presents i amb delicats postres de fruita blanca.<\/p>\n<p>Servir fresc, per\u00f2 gla\u00e7at, entre 4-6\u00baC<\/p>\n<p>No s&#8217;ha filtrat ni afegit res perqu\u00e8 no faci p\u00f2sits, de manera que de forma natural i amb el pas del temps pot fer algun petit sediment o terbolesa del mateix vi dins l&#8217;ampolla.<\/p>\n<p style=\"font-weight: 400;\">M\u00e8tode ancestral\u00a0 \u00a0 \u00a0 \u00a0 \u00a0 \u00a0 \u00a0 \u00a0 \u00a0 \u00a0 \u00a0 \u00a0100% Malvasia de l\u2019Empord\u00e0<\/p>\n<p style=\"font-weight: 400;\">% vol: \u00a012,5% vol\u00a0 \u00a0 \u00a0 \u00a0 \u00a0 \u00a0 \u00a0 \u00a0 \u00a0 \u00a0 \u00a0 \u00a0 \u00a0 \u00a0 Sulfits totals: 0 g\/l<\/p>\n<p style=\"font-weight: 400;\">Acidesa vol\u00e0til: \u00a00,7 g\/l\u00a0 \u00a0 \u00a0 \u00a0 \u00a0 \u00a0 \u00a0 \u00a0Sucres residuals: 15 g\/l<\/p>\n<p style=\"font-weight: 400;\"><span style=\"font-weight: 400;\">pH: \u00a03,3\u00a0 \u00a0 \u00a0 \u00a0 \u00a0 \u00a0 \u00a0 \u00a0 \u00a0 \u00a0 \u00a0 \u00a0 \u00a0 \u00a0 \u00a0 \u00a0 \u00a0 \u00a0 \u00a0 \u00a0 \u00a0 \u00a0<\/span>N\u00ba ampolles: \u00a0286<\/p>\n<p>&nbsp;<\/p>","protected":false},"excerpt":{"rendered":"<p>Un vi escum\u00f3s natural blanc, d\u2019una sola fermentaci\u00f3 espont\u00e0nia, iniciada en \u00e0mfora i acabada en ampolla, net i degorjat a m\u00e0, de bombolla fina i elegant. Sal\u00ed i\u00a0 fresc en boca, nas de pera i flor blanca, que se sent c\u00f2mode a taula amb entrants, on els productes del mar hi s\u00f3n presents i amb [&hellip;]<\/p>\n","protected":false},"featured_media":937,"template":"","meta":[],"product_brand":[],"product_cat":[18],"product_tag":[],"class_list":{"0":"post-367","1":"product","2":"type-product","3":"status-publish","4":"has-post-thumbnail","6":"product_cat-vins","8":"first","9":"instock","10":"taxable","11":"shipping-taxable","12":"purchasable","13":"product-type-simple"},"_links":{"self":[{"href":"https:\/\/www.fetamavins.cat\/es\/wp-json\/wp\/v2\/product\/367","targetHints":{"allow":["GET"]}}],"collection":[{"href":"https:\/\/www.fetamavins.cat\/es\/wp-json\/wp\/v2\/product"}],"about":[{"href":"https:\/\/www.fetamavins.cat\/es\/wp-json\/wp\/v2\/types\/product"}],"wp:featuredmedia":[{"embeddable":true,"href":"https:\/\/www.fetamavins.cat\/es\/wp-json\/wp\/v2\/media\/937"}],"wp:attachment":[{"href":"https:\/\/www.fetamavins.cat\/es\/wp-json\/wp\/v2\/media?parent=367"}],"wp:term":[{"taxonomy":"product_brand","embeddable":true,"href":"https:\/\/www.fetamavins.cat\/es\/wp-json\/wp\/v2\/product_brand?post=367"},{"taxonomy":"product_cat","embeddable":true,"href":"https:\/\/www.fetamavins.cat\/es\/wp-json\/wp\/v2\/product_cat?post=367"},{"taxonomy":"product_tag","embeddable":true,"href":"https:\/\/www.fetamavins.cat\/es\/wp-json\/wp\/v2\/product_tag?post=367"}],"curies":[{"name":"wp","href":"https:\/\/api.w.org\/{rel}","templated":true}]}}