{"id":644,"date":"2025-01-20T11:10:54","date_gmt":"2025-01-20T10:10:54","guid":{"rendered":"https:\/\/www.fetamavins.cat\/?post_type=product&#038;p=644"},"modified":"2025-12-16T16:15:25","modified_gmt":"2025-12-16T15:15:25","slug":"arlet-2023","status":"publish","type":"product","link":"https:\/\/www.fetamavins.cat\/es\/producto\/arlet-2023\/","title":{"rendered":"ClosQuelet &#8211; Arlet 2023"},"content":{"rendered":"<p>Clos Quelet &#8211; Vi negre r\u00fastic<\/p>\n<p>100% Jaqu\u00e9 (una de les varietats m\u00e9s antigues del Baix Empord\u00e0)<\/p>\n<p>Macerat amb el ra\u00efm sencer i fermentat en tines d&#8217;inox sense afegits ni maquillatges per expressar al m\u00e0xim les seves caracter\u00edstiques. De color intens, aromes de fruita vermella i confitures, present en boca. Ideal per \u00e0pats informals amb brasa i bona companyia.<\/p>\n<p>No s&#8217;ha filtrat ni afegit res perqu\u00e8 no faci p\u00f2sits, de manera que de forma natural i amb el pas del temps pot fer algun petit sediment del mateix vi dins l&#8217;ampolla.<\/p>\n<p><em>Vinyes velles de Santa Cristina d&#8217;Aro<\/em><\/p>\n<p><em>12.70 %vol.\u00a0 \u00a0 \u00a0 \u00a0<\/em><\/p>\n<p><em>Sulfits totals: 7g\/l<\/em><\/p>\n<p><em>Acidesa vol\u00e0til: 0.7g\/l<\/em><\/p>\n<p><em>Producci\u00f3: 180 ampolles<\/em><\/p>","protected":false},"excerpt":{"rendered":"<p>Clos Quelet &#8211; Vi negre r\u00fastic 100% Jaqu\u00e9 (una de les varietats m\u00e9s antigues del Baix Empord\u00e0) Macerat amb el ra\u00efm sencer i fermentat en tines d&#8217;inox sense afegits ni maquillatges per expressar al m\u00e0xim les seves caracter\u00edstiques. De color intens, aromes de fruita vermella i confitures, present en boca. Ideal per \u00e0pats informals amb [&hellip;]<\/p>\n","protected":false},"featured_media":938,"template":"","meta":[],"product_brand":[],"product_cat":[23],"product_tag":[],"class_list":{"0":"post-644","1":"product","2":"type-product","3":"status-publish","4":"has-post-thumbnail","6":"product_cat-vins-daltres-cellers","8":"first","9":"instock","10":"taxable","11":"shipping-taxable","12":"purchasable","13":"product-type-simple"},"_links":{"self":[{"href":"https:\/\/www.fetamavins.cat\/es\/wp-json\/wp\/v2\/product\/644","targetHints":{"allow":["GET"]}}],"collection":[{"href":"https:\/\/www.fetamavins.cat\/es\/wp-json\/wp\/v2\/product"}],"about":[{"href":"https:\/\/www.fetamavins.cat\/es\/wp-json\/wp\/v2\/types\/product"}],"wp:featuredmedia":[{"embeddable":true,"href":"https:\/\/www.fetamavins.cat\/es\/wp-json\/wp\/v2\/media\/938"}],"wp:attachment":[{"href":"https:\/\/www.fetamavins.cat\/es\/wp-json\/wp\/v2\/media?parent=644"}],"wp:term":[{"taxonomy":"product_brand","embeddable":true,"href":"https:\/\/www.fetamavins.cat\/es\/wp-json\/wp\/v2\/product_brand?post=644"},{"taxonomy":"product_cat","embeddable":true,"href":"https:\/\/www.fetamavins.cat\/es\/wp-json\/wp\/v2\/product_cat?post=644"},{"taxonomy":"product_tag","embeddable":true,"href":"https:\/\/www.fetamavins.cat\/es\/wp-json\/wp\/v2\/product_tag?post=644"}],"curies":[{"name":"wp","href":"https:\/\/api.w.org\/{rel}","templated":true}]}}