{"id":840,"date":"2025-02-01T20:11:30","date_gmt":"2025-02-01T19:11:30","guid":{"rendered":"https:\/\/www.fetamavins.cat\/?post_type=product&#038;p=840"},"modified":"2025-11-20T18:04:31","modified_gmt":"2025-11-20T17:04:31","slug":"nvelat-2023-2","status":"publish","type":"product","link":"https:\/\/www.fetamavins.cat\/es\/producto\/nvelat-2023-2\/","title":{"rendered":"N&#8217;velat 2023"},"content":{"rendered":"<p style=\"font-weight: 400;\">Un vi negre lleuger de Carinyana vella.<\/p>\n<p>S&#8217;ha fet amb una fermentaci\u00f3 espont\u00e0nia del penjoll de ra\u00efm sencer (maceraci\u00f3 carb\u00f2nica) per extreure&#8217;n les seves aromes de fruites vermelles i violetes.<\/p>\n<p>\u00c9s fi i de poca capa, per gaudir-lo millor escull un dia fruita del calendari llunar i marida&#8217;l amb qualsevol aperitiu o entrant lleuger. Serveix-lo fresc entre 12-14\u00baC.<\/p>\n<p>No s&#8217;ha filtrat ni afegit res perqu\u00e8 no faci p\u00f2sits, de manera que de forma natural i amb el pas del temps pot fer algun petit sediment del mateix vi dins l&#8217;ampolla.<\/p>\n<p><em>100% Carinyana\u00a0 \u00a0 \u00a0 \u00a0 \u00a0 10.65 % vol<\/em><\/p>\n<p style=\"font-weight: 400;\"><em>Sulfits totals: 24 g\/l\u00a0 \u00a0 \u00a0 Acidesa vol\u00e0til: \u00a00,5 g\/l<\/em><\/p>\n<p style=\"font-weight: 400;\"><em>Acidesa t.t.: 5.5 g\/l\u00a0 \u00a0 \u00a0 \u00a0 <span style=\"font-weight: 400;\">pH: \u00a03,28\u00a0<\/span><\/em><\/p>\n<p style=\"font-weight: 400;\"><em>N\u00ba ampolles: \u00a0297<\/em><\/p>\n<p>&nbsp;<\/p>","protected":false},"excerpt":{"rendered":"<p>Un vi negre lleuger de Carinyana vella. S&#8217;ha fet amb una fermentaci\u00f3 espont\u00e0nia del penjoll de ra\u00efm sencer (maceraci\u00f3 carb\u00f2nica) per extreure&#8217;n les seves aromes de fruites vermelles i violetes. \u00c9s fi i de poca capa, per gaudir-lo millor escull un dia fruita del calendari llunar i marida&#8217;l amb qualsevol aperitiu o entrant lleuger. Serveix-lo [&hellip;]<\/p>\n","protected":false},"featured_media":939,"template":"","meta":[],"product_brand":[],"product_cat":[18],"product_tag":[],"class_list":{"0":"post-840","1":"product","2":"type-product","3":"status-publish","4":"has-post-thumbnail","6":"product_cat-vins","8":"first","9":"instock","10":"taxable","11":"shipping-taxable","12":"purchasable","13":"product-type-simple"},"_links":{"self":[{"href":"https:\/\/www.fetamavins.cat\/es\/wp-json\/wp\/v2\/product\/840","targetHints":{"allow":["GET"]}}],"collection":[{"href":"https:\/\/www.fetamavins.cat\/es\/wp-json\/wp\/v2\/product"}],"about":[{"href":"https:\/\/www.fetamavins.cat\/es\/wp-json\/wp\/v2\/types\/product"}],"wp:featuredmedia":[{"embeddable":true,"href":"https:\/\/www.fetamavins.cat\/es\/wp-json\/wp\/v2\/media\/939"}],"wp:attachment":[{"href":"https:\/\/www.fetamavins.cat\/es\/wp-json\/wp\/v2\/media?parent=840"}],"wp:term":[{"taxonomy":"product_brand","embeddable":true,"href":"https:\/\/www.fetamavins.cat\/es\/wp-json\/wp\/v2\/product_brand?post=840"},{"taxonomy":"product_cat","embeddable":true,"href":"https:\/\/www.fetamavins.cat\/es\/wp-json\/wp\/v2\/product_cat?post=840"},{"taxonomy":"product_tag","embeddable":true,"href":"https:\/\/www.fetamavins.cat\/es\/wp-json\/wp\/v2\/product_tag?post=840"}],"curies":[{"name":"wp","href":"https:\/\/api.w.org\/{rel}","templated":true}]}}