{"id":862,"date":"2025-02-02T11:50:30","date_gmt":"2025-02-02T10:50:30","guid":{"rendered":"https:\/\/www.fetamavins.cat\/?post_type=product&#038;p=862"},"modified":"2025-11-30T22:49:14","modified_gmt":"2025-11-30T21:49:14","slug":"nati-2023","status":"publish","type":"product","link":"https:\/\/www.fetamavins.cat\/es\/producto\/nati-2023\/","title":{"rendered":"ClosQuelet &#8211; Nati 2024"},"content":{"rendered":"<p>Clos Quelet &#8211; Vi blanc fresc<\/p>\n<p>Malvasia empordanesa, Muscat i Garnatxa Blanca, fermentats espont\u00e0niament en tines d&#8217;inox sense afegits ni maquillatges per expressar al m\u00e0xim les seves caracter\u00edstiques. Aromes de fruites ex\u00f2tiques, c\u00edtrics i flors, i molt refrescant en boca.\u00a0 Ideal per entrants, aperitius i arrossos vora em mar.<\/p>\n<p>Servir fresc per\u00f2 no gla\u00e7at, a 6\u00baC-8\u00baC.<\/p>\n<p>No s&#8217;ha filtrat ni afegit res perqu\u00e8 no faci p\u00f2sits, de manera que de forma natural i amb el pas del temps pot fer algun petit sediment o terbolesa del mateix vi dins l&#8217;ampolla.<\/p>\n<p><em>Vinyes velles de Santa Cristina d&#8217;Aro<\/em><\/p>\n<p><em>12.50 %vol.\u00a0 \u00a0 \u00a0 \u00a0<\/em><\/p>\n<p><em>Sulfits totals: 20 g\/l<\/em><\/p>\n<p><em>Acidesa vol\u00e0til: 0.42 g\/l<\/em><\/p>\n<p><em>Producci\u00f3: 550 ampolles<\/em><\/p>","protected":false},"excerpt":{"rendered":"<p>Clos Quelet &#8211; Vi blanc fresc Malvasia empordanesa, Muscat i Garnatxa Blanca, fermentats espont\u00e0niament en tines d&#8217;inox sense afegits ni maquillatges per expressar al m\u00e0xim les seves caracter\u00edstiques. Aromes de fruites ex\u00f2tiques, c\u00edtrics i flors, i molt refrescant en boca.\u00a0 Ideal per entrants, aperitius i arrossos vora em mar. Servir fresc per\u00f2 no gla\u00e7at, a [&hellip;]<\/p>\n","protected":false},"featured_media":941,"template":"","meta":[],"product_brand":[],"product_cat":[23],"product_tag":[],"class_list":{"0":"post-862","1":"product","2":"type-product","3":"status-publish","4":"has-post-thumbnail","6":"product_cat-vins-daltres-cellers","8":"first","9":"instock","10":"taxable","11":"shipping-taxable","12":"purchasable","13":"product-type-simple"},"_links":{"self":[{"href":"https:\/\/www.fetamavins.cat\/es\/wp-json\/wp\/v2\/product\/862","targetHints":{"allow":["GET"]}}],"collection":[{"href":"https:\/\/www.fetamavins.cat\/es\/wp-json\/wp\/v2\/product"}],"about":[{"href":"https:\/\/www.fetamavins.cat\/es\/wp-json\/wp\/v2\/types\/product"}],"wp:featuredmedia":[{"embeddable":true,"href":"https:\/\/www.fetamavins.cat\/es\/wp-json\/wp\/v2\/media\/941"}],"wp:attachment":[{"href":"https:\/\/www.fetamavins.cat\/es\/wp-json\/wp\/v2\/media?parent=862"}],"wp:term":[{"taxonomy":"product_brand","embeddable":true,"href":"https:\/\/www.fetamavins.cat\/es\/wp-json\/wp\/v2\/product_brand?post=862"},{"taxonomy":"product_cat","embeddable":true,"href":"https:\/\/www.fetamavins.cat\/es\/wp-json\/wp\/v2\/product_cat?post=862"},{"taxonomy":"product_tag","embeddable":true,"href":"https:\/\/www.fetamavins.cat\/es\/wp-json\/wp\/v2\/product_tag?post=862"}],"curies":[{"name":"wp","href":"https:\/\/api.w.org\/{rel}","templated":true}]}}