{"id":863,"date":"2025-02-02T12:07:12","date_gmt":"2025-02-02T11:07:12","guid":{"rendered":"https:\/\/www.fetamavins.cat\/?post_type=product&#038;p=863"},"modified":"2025-09-10T20:18:52","modified_gmt":"2025-09-10T18:18:52","slug":"mandarines-2023","status":"publish","type":"product","link":"https:\/\/www.fetamavins.cat\/es\/producto\/mandarines-2023\/","title":{"rendered":"LaNatural &#8211; Mandarines 2023"},"content":{"rendered":"<p>LaNatural Wine &#8211; Vi blanc brisat<\/p>\n<p>Garnatxa blanca derrapada i sense premsar que es diposita directament en un dip\u00f2sit d\u2019inox. Es deixa macerar i fermentar espont\u00e0niament durant 21 dies. Passat l\u2019hivern s&#8217;embotella en dia fruita, per potencia al m\u00e0xim el seu car\u00e0cter varietal.<\/p>\n<p>Servir fresc per\u00f2 no gla\u00e7at, a 6\u00baC-8\u00baC.<\/p>\n<p>No s&#8217;ha filtrat ni afegit res perqu\u00e8 no faci p\u00f2sits, de manera que de forma natural i amb el pas del temps pot fer algun petit sediment del mateix vi dins l&#8217;ampolla.<\/p>\n<p><em>11.40 %vol.\u00a0 \u00a0 \u00a0 \u00a0<\/em><\/p>\n<p><em>Sulfits totals: 0 mg\/l<\/em><\/p>\n<p><em>Acidesa vol\u00e0til: 0.42 g\/l<\/em><\/p>\n<p><em>Producci\u00f3: 4.500 ampolles<\/em><\/p>\n<p><a href=\"http:\/\/www.lanaturalwine.com\" target=\"_blank\" rel=\"noopener\">http:\/\/www.lanaturalwine.com<\/a><\/p>","protected":false},"excerpt":{"rendered":"<p>LaNatural Wine &#8211; Vi blanc brisat Garnatxa blanca derrapada i sense premsar que es diposita directament en un dip\u00f2sit d\u2019inox. Es deixa macerar i fermentar espont\u00e0niament durant 21 dies. Passat l\u2019hivern s&#8217;embotella en dia fruita, per potencia al m\u00e0xim el seu car\u00e0cter varietal. Servir fresc per\u00f2 no gla\u00e7at, a 6\u00baC-8\u00baC. No s&#8217;ha filtrat ni afegit [&hellip;]<\/p>\n","protected":false},"featured_media":945,"template":"","meta":[],"product_brand":[],"product_cat":[23],"product_tag":[],"class_list":{"0":"post-863","1":"product","2":"type-product","3":"status-publish","4":"has-post-thumbnail","6":"product_cat-vins-daltres-cellers","8":"first","9":"instock","10":"taxable","11":"shipping-taxable","12":"purchasable","13":"product-type-simple"},"_links":{"self":[{"href":"https:\/\/www.fetamavins.cat\/es\/wp-json\/wp\/v2\/product\/863","targetHints":{"allow":["GET"]}}],"collection":[{"href":"https:\/\/www.fetamavins.cat\/es\/wp-json\/wp\/v2\/product"}],"about":[{"href":"https:\/\/www.fetamavins.cat\/es\/wp-json\/wp\/v2\/types\/product"}],"wp:featuredmedia":[{"embeddable":true,"href":"https:\/\/www.fetamavins.cat\/es\/wp-json\/wp\/v2\/media\/945"}],"wp:attachment":[{"href":"https:\/\/www.fetamavins.cat\/es\/wp-json\/wp\/v2\/media?parent=863"}],"wp:term":[{"taxonomy":"product_brand","embeddable":true,"href":"https:\/\/www.fetamavins.cat\/es\/wp-json\/wp\/v2\/product_brand?post=863"},{"taxonomy":"product_cat","embeddable":true,"href":"https:\/\/www.fetamavins.cat\/es\/wp-json\/wp\/v2\/product_cat?post=863"},{"taxonomy":"product_tag","embeddable":true,"href":"https:\/\/www.fetamavins.cat\/es\/wp-json\/wp\/v2\/product_tag?post=863"}],"curies":[{"name":"wp","href":"https:\/\/api.w.org\/{rel}","templated":true}]}}